{"id":1349,"date":"2026-02-06T12:35:42","date_gmt":"2026-02-06T11:35:42","guid":{"rendered":"https:\/\/www.domainedessalins.com\/explore-the-vendee\/"},"modified":"2026-03-24T17:18:00","modified_gmt":"2026-03-24T16:18:00","slug":"explore-the-vendee","status":"publish","type":"page","link":"https:\/\/www.domainedessalins.com\/en\/explore-the-vendee\/","title":{"rendered":"Explore the Vend\u00e9e"},"content":{"rendered":"\n<div class=\"wp-block-cover alignfull hrz-hero is-style-default is-zoomed\" style=\"margin-top:0;margin-bottom:0;padding-top:15rem;padding-bottom:15rem;min-height:90vh;aspect-ratio:unset;\"><img alt=\"Plage c\u00f4ti\u00e8re avec dunes et herbe au soleil couchant.\" decoding=\"async\" width=\"1440\" height=\"660\" class=\"wp-block-cover__image-background wp-image-1060 size-16\/9_1440x810_desktop\" alt=\"\" src=\"https:\/\/www.domainedessalins.com\/wp-content\/uploads\/2026\/02\/vendee-1440x660.webp\" data-object-fit=\"cover\"\/><span aria-hidden=\"true\" class=\"wp-block-cover__background has-texte-background-color has-background-dim-30 has-background-dim\"><\/span><div class=\"wp-block-cover__inner-container has-global-padding is-layout-constrained wp-container-core-cover-is-layout-e8d6252e wp-block-cover-is-layout-constrained\">\n<h1 class=\"wp-block-heading has-text-align-center is-style-hrz-p--title has-blanc-color has-text-color has-link-color has-xl-font-size wp-elements-c5434d4a3b871f09da8c1e4f95f57e5a\">Explore the Vend\u00e9e<\/h1>\n<\/div><\/div>\n\n<div class=\"wp-block-group alignfull has-quaternary-background-color has-background has-global-padding is-layout-constrained wp-container-core-group-is-layout-f3e47dc3 wp-block-group-is-layout-constrained\" style=\"padding-top:var(--wp--preset--spacing--xs);padding-right:var(--wp--preset--spacing--xs);padding-bottom:var(--wp--preset--spacing--xs);padding-left:var(--wp--preset--spacing--xs)\"><div class=\"wp-block-wpseopress-breadcrumbs\"><nav  aria-label=\"breadcrumb\"><ol class=\"breadcrumb\" itemscope itemtype=\"https:\/\/schema.org\/BreadcrumbList\"><li class=\"breadcrumb-item active\" aria-current=\"page\" itemprop=\"itemListElement\" itemscope itemtype=\"https:\/\/schema.org\/ListItem\"><span itemprop=\"name\">Camping \u00e0 Saint-Hilaire-de-Riez<\/span><meta itemprop=\"position\" content=\"1\"><\/li><\/ol><\/nav><\/div><\/div>\n\n<div class=\"wp-block-group alignfull has-quaternary-background-color has-background has-global-padding is-layout-constrained wp-container-core-group-is-layout-1243b159 wp-block-group-is-layout-constrained\" style=\"padding-top:var(--wp--preset--spacing--xxl);padding-bottom:var(--wp--preset--spacing--xxl)\">\n<div class=\"wp-block-group hrz-responsive-group fade has-global-padding is-layout-constrained wp-container-core-group-is-layout-ed92f1a2 wp-block-group-is-layout-constrained\">\n<figure class=\"wp-block-image aligncenter size-full is-resized wp-duotone-bg-or\" style=\"margin-bottom:var(--wp--preset--spacing--s)\"><img alt=\"\" decoding=\"async\" src=\"https:\/\/www.domainedessalins.com\/wp-content\/uploads\/2026\/02\/coeurvendeen.svg\" alt=\"\" class=\"wp-image-254\" style=\"width:auto;height:70px\"\/><\/figure>\n\n\n\n<h2 class=\"wp-block-heading has-text-align-center is-style-hrz-title--sub has-ternary-color has-text-color has-link-color wp-elements-0a3c88dfee0dc14a1817c040d7000121\">Camping in Vend\u00e9e<\/h2>\n\n\n\n<p class=\"has-text-align-center is-style-hrz-p--title has-primary-color has-text-color has-link-color wp-elements-c536dd52c369d729b4cd2bd89066a02e\">4-star campsite in Vend\u00e9e near the sea<\/p>\n\n\n\n<p class=\"has-text-align-center is-style-hrz-p--base\" style=\"margin-top:var(--wp--preset--spacing--l);margin-bottom:var(--wp--preset--spacing--l)\">At Domaine des Salins, our 4-star campsite in the Vend\u00e9e close to the sea, we give you all the good reasons to choose this lovely tourist department for your next vacation. First of all, the Vend\u00e9e is a clever blend of coastline and bocage: on the coast, swimming is guaranteed! Farniente in Les Sables d&#8217;Olonne, the corniche nature reserve in Saint Hilaire de Riez, long walks on the beaches of Saint Gilles Croix de Vie and Saint Jean de Monts, discovering the dunes and marshes of the Vend\u00e9e in Noirmoutier: it&#8217;s a real breath of fresh air!  <\/p>\n\n\n\n<h3 class=\"wp-block-heading has-text-align-center is-style-hrz-title--sub has-ternary-color has-text-color has-link-color wp-elements-ba0f85e961ca60a59424f05d81c3c900\">The charm of the Vend\u00e9e<\/h3>\n\n\n\n<p class=\"has-text-align-center is-style-hrz-p--base\" style=\"margin-top:var(--wp--preset--spacing--l);margin-bottom:var(--wp--preset--spacing--l)\">Discover the bocage vend\u00e9en, a hilly landscape dotted with monuments, each more rural and lively than the last! To name but a few: Ch\u00e2teau de Tiffauges, Logis de la Chabotterie in Saint Sulpice Le Verdon, Ch\u00e2teau de Commequiers, Les Haras de la Vend\u00e9e in La Roche sur Yon, and many more! You&#8217;ll have plenty to marvel at during your camping holiday in the Vend\u00e9e.  <\/p>\n\n\n\n<div style=\"height:var(--wp--preset--spacing--xl)\" aria-hidden=\"true\" class=\"wp-block-spacer\"><\/div>\n<\/div>\n\n\n\n<div class=\"wp-block-group alignwide fade has-global-padding is-layout-constrained wp-container-core-group-is-layout-530ec779 wp-block-group-is-layout-constrained\">\n<div class=\"wp-block-group hrz-diapo-grid is-layout-grid wp-container-core-group-is-layout-051102f6 wp-block-group-is-layout-grid\" style=\"border-top-left-radius:50px;border-top-right-radius:50px;border-bottom-left-radius:50px;border-bottom-right-radius:50px\">\n<figure data-wp-context=\"{&quot;imageId&quot;:&quot;69e1771363218&quot;}\" data-wp-interactive=\"core\/image\" data-wp-key=\"69e1771363218\" class=\"wp-block-image size-full wp-container-content-2ca7f016 wp-lightbox-container\"><img alt=\"Plage c\u00f4ti\u00e8re avec dunes et herbe au soleil couchant.\" decoding=\"async\" width=\"1920\" height=\"660\" data-wp-class--hide=\"state.isContentHidden\" data-wp-class--show=\"state.isContentVisible\" data-wp-init=\"callbacks.setButtonStyles\" data-wp-on--click=\"actions.showLightbox\" data-wp-on--load=\"callbacks.setButtonStyles\" data-wp-on-window--resize=\"callbacks.setButtonStyles\" src=\"https:\/\/www.domainedessalins.com\/wp-content\/uploads\/2026\/02\/vendee.webp\" alt=\"\" class=\"wp-image-1060\" srcset=\"https:\/\/www.domainedessalins.com\/wp-content\/uploads\/2026\/02\/vendee.webp 1920w, https:\/\/www.domainedessalins.com\/wp-content\/uploads\/2026\/02\/vendee-300x103.webp 300w, https:\/\/www.domainedessalins.com\/wp-content\/uploads\/2026\/02\/vendee-1024x352.webp 1024w, https:\/\/www.domainedessalins.com\/wp-content\/uploads\/2026\/02\/vendee-768x264.webp 768w\" sizes=\"(max-width: 1920px) 100vw, 1920px\" \/><button\n\t\t\tclass=\"lightbox-trigger\"\n\t\t\ttype=\"button\"\n\t\t\taria-haspopup=\"dialog\"\n\t\t\taria-label=\"Enlarge\"\n\t\t\tdata-wp-init=\"callbacks.initTriggerButton\"\n\t\t\tdata-wp-on--click=\"actions.showLightbox\"\n\t\t\tdata-wp-style--right=\"state.imageButtonRight\"\n\t\t\tdata-wp-style--top=\"state.imageButtonTop\"\n\t\t>\n\t\t\t<svg xmlns=\"http:\/\/www.w3.org\/2000\/svg\" width=\"12\" height=\"12\" fill=\"none\" viewBox=\"0 0 12 12\">\n\t\t\t\t<path fill=\"#fff\" d=\"M2 0a2 2 0 0 0-2 2v2h1.5V2a.5.5 0 0 1 .5-.5h2V0H2Zm2 10.5H2a.5.5 0 0 1-.5-.5V8H0v2a2 2 0 0 0 2 2h2v-1.5ZM8 12v-1.5h2a.5.5 0 0 0 .5-.5V8H12v2a2 2 0 0 1-2 2H8Zm2-12a2 2 0 0 1 2 2v2h-1.5V2a.5.5 0 0 0-.5-.5H8V0h2Z\" \/>\n\t\t\t<\/svg>\n\t\t<\/button><\/figure>\n\n\n\n<figure data-wp-context=\"{&quot;imageId&quot;:&quot;69e17713647b2&quot;}\" data-wp-interactive=\"core\/image\" data-wp-key=\"69e17713647b2\" class=\"wp-block-image size-full wp-lightbox-container\"><img alt=\"Petit train touristique jaune et bleu sur route.\" decoding=\"async\" width=\"1920\" height=\"1440\" data-wp-class--hide=\"state.isContentHidden\" data-wp-class--show=\"state.isContentVisible\" data-wp-init=\"callbacks.setButtonStyles\" data-wp-on--click=\"actions.showLightbox\" data-wp-on--load=\"callbacks.setButtonStyles\" data-wp-on-window--resize=\"callbacks.setButtonStyles\" src=\"https:\/\/www.domainedessalins.com\/wp-content\/uploads\/2026\/02\/petit-train-saint-hilaire-de-riez.webp\" alt=\"\" class=\"wp-image-825\" srcset=\"https:\/\/www.domainedessalins.com\/wp-content\/uploads\/2026\/02\/petit-train-saint-hilaire-de-riez.webp 1920w, https:\/\/www.domainedessalins.com\/wp-content\/uploads\/2026\/02\/petit-train-saint-hilaire-de-riez-300x225.webp 300w, https:\/\/www.domainedessalins.com\/wp-content\/uploads\/2026\/02\/petit-train-saint-hilaire-de-riez-1024x768.webp 1024w, https:\/\/www.domainedessalins.com\/wp-content\/uploads\/2026\/02\/petit-train-saint-hilaire-de-riez-768x576.webp 768w, https:\/\/www.domainedessalins.com\/wp-content\/uploads\/2026\/02\/petit-train-saint-hilaire-de-riez-1440x1080.webp 1440w, https:\/\/www.domainedessalins.com\/wp-content\/uploads\/2026\/02\/petit-train-saint-hilaire-de-riez-720x540.webp 720w, https:\/\/www.domainedessalins.com\/wp-content\/uploads\/2026\/02\/petit-train-saint-hilaire-de-riez-320x240.webp 320w, https:\/\/www.domainedessalins.com\/wp-content\/uploads\/2026\/02\/petit-train-saint-hilaire-de-riez-160x120.webp 160w\" sizes=\"(max-width: 1920px) 100vw, 1920px\" \/><button\n\t\t\tclass=\"lightbox-trigger\"\n\t\t\ttype=\"button\"\n\t\t\taria-haspopup=\"dialog\"\n\t\t\taria-label=\"Enlarge\"\n\t\t\tdata-wp-init=\"callbacks.initTriggerButton\"\n\t\t\tdata-wp-on--click=\"actions.showLightbox\"\n\t\t\tdata-wp-style--right=\"state.imageButtonRight\"\n\t\t\tdata-wp-style--top=\"state.imageButtonTop\"\n\t\t>\n\t\t\t<svg xmlns=\"http:\/\/www.w3.org\/2000\/svg\" width=\"12\" height=\"12\" fill=\"none\" viewBox=\"0 0 12 12\">\n\t\t\t\t<path fill=\"#fff\" d=\"M2 0a2 2 0 0 0-2 2v2h1.5V2a.5.5 0 0 1 .5-.5h2V0H2Zm2 10.5H2a.5.5 0 0 1-.5-.5V8H0v2a2 2 0 0 0 2 2h2v-1.5ZM8 12v-1.5h2a.5.5 0 0 0 .5-.5V8H12v2a2 2 0 0 1-2 2H8Zm2-12a2 2 0 0 1 2 2v2h-1.5V2a.5.5 0 0 0-.5-.5H8V0h2Z\" \/>\n\t\t\t<\/svg>\n\t\t<\/button><\/figure>\n\n\n\n<figure data-wp-context=\"{&quot;imageId&quot;:&quot;69e17713659b0&quot;}\" data-wp-interactive=\"core\/image\" data-wp-key=\"69e17713659b0\" class=\"wp-block-image size-full wp-lightbox-container\"><img alt=\"Homme naviguant sur une barque en rivi\u00e8re verdoyante.\" decoding=\"async\" width=\"1920\" height=\"1440\" data-wp-class--hide=\"state.isContentHidden\" data-wp-class--show=\"state.isContentVisible\" data-wp-init=\"callbacks.setButtonStyles\" data-wp-on--click=\"actions.showLightbox\" data-wp-on--load=\"callbacks.setButtonStyles\" data-wp-on-window--resize=\"callbacks.setButtonStyles\" src=\"https:\/\/www.domainedessalins.com\/wp-content\/uploads\/2026\/02\/balade-en-yole-perrier.webp\" alt=\"\" class=\"wp-image-816\" srcset=\"https:\/\/www.domainedessalins.com\/wp-content\/uploads\/2026\/02\/balade-en-yole-perrier.webp 1920w, https:\/\/www.domainedessalins.com\/wp-content\/uploads\/2026\/02\/balade-en-yole-perrier-300x225.webp 300w, https:\/\/www.domainedessalins.com\/wp-content\/uploads\/2026\/02\/balade-en-yole-perrier-1024x768.webp 1024w, https:\/\/www.domainedessalins.com\/wp-content\/uploads\/2026\/02\/balade-en-yole-perrier-768x576.webp 768w, https:\/\/www.domainedessalins.com\/wp-content\/uploads\/2026\/02\/balade-en-yole-perrier-1440x1080.webp 1440w, https:\/\/www.domainedessalins.com\/wp-content\/uploads\/2026\/02\/balade-en-yole-perrier-720x540.webp 720w, https:\/\/www.domainedessalins.com\/wp-content\/uploads\/2026\/02\/balade-en-yole-perrier-320x240.webp 320w, https:\/\/www.domainedessalins.com\/wp-content\/uploads\/2026\/02\/balade-en-yole-perrier-160x120.webp 160w\" sizes=\"(max-width: 1920px) 100vw, 1920px\" \/><button\n\t\t\tclass=\"lightbox-trigger\"\n\t\t\ttype=\"button\"\n\t\t\taria-haspopup=\"dialog\"\n\t\t\taria-label=\"Enlarge\"\n\t\t\tdata-wp-init=\"callbacks.initTriggerButton\"\n\t\t\tdata-wp-on--click=\"actions.showLightbox\"\n\t\t\tdata-wp-style--right=\"state.imageButtonRight\"\n\t\t\tdata-wp-style--top=\"state.imageButtonTop\"\n\t\t>\n\t\t\t<svg xmlns=\"http:\/\/www.w3.org\/2000\/svg\" width=\"12\" height=\"12\" fill=\"none\" viewBox=\"0 0 12 12\">\n\t\t\t\t<path fill=\"#fff\" d=\"M2 0a2 2 0 0 0-2 2v2h1.5V2a.5.5 0 0 1 .5-.5h2V0H2Zm2 10.5H2a.5.5 0 0 1-.5-.5V8H0v2a2 2 0 0 0 2 2h2v-1.5ZM8 12v-1.5h2a.5.5 0 0 0 .5-.5V8H12v2a2 2 0 0 1-2 2H8Zm2-12a2 2 0 0 1 2 2v2h-1.5V2a.5.5 0 0 0-.5-.5H8V0h2Z\" \/>\n\t\t\t<\/svg>\n\t\t<\/button><\/figure>\n\n\n\n<figure data-wp-context=\"{&quot;imageId&quot;:&quot;69e1771366bad&quot;}\" data-wp-interactive=\"core\/image\" data-wp-key=\"69e1771366bad\" class=\"wp-block-image size-full wp-lightbox-container\"><img alt=\"Chars \u00e0 voile sur une plage venteuse\" decoding=\"async\" width=\"1920\" height=\"660\" data-wp-class--hide=\"state.isContentHidden\" data-wp-class--show=\"state.isContentVisible\" data-wp-init=\"callbacks.setButtonStyles\" data-wp-on--click=\"actions.showLightbox\" data-wp-on--load=\"callbacks.setButtonStyles\" data-wp-on-window--resize=\"callbacks.setButtonStyles\" src=\"https:\/\/www.domainedessalins.com\/wp-content\/uploads\/2026\/02\/a-voir-a-faire.webp\" alt=\"\" class=\"wp-image-815\" srcset=\"https:\/\/www.domainedessalins.com\/wp-content\/uploads\/2026\/02\/a-voir-a-faire.webp 1920w, https:\/\/www.domainedessalins.com\/wp-content\/uploads\/2026\/02\/a-voir-a-faire-300x103.webp 300w, https:\/\/www.domainedessalins.com\/wp-content\/uploads\/2026\/02\/a-voir-a-faire-1024x352.webp 1024w, https:\/\/www.domainedessalins.com\/wp-content\/uploads\/2026\/02\/a-voir-a-faire-768x264.webp 768w\" sizes=\"(max-width: 1920px) 100vw, 1920px\" \/><button\n\t\t\tclass=\"lightbox-trigger\"\n\t\t\ttype=\"button\"\n\t\t\taria-haspopup=\"dialog\"\n\t\t\taria-label=\"Enlarge\"\n\t\t\tdata-wp-init=\"callbacks.initTriggerButton\"\n\t\t\tdata-wp-on--click=\"actions.showLightbox\"\n\t\t\tdata-wp-style--right=\"state.imageButtonRight\"\n\t\t\tdata-wp-style--top=\"state.imageButtonTop\"\n\t\t>\n\t\t\t<svg xmlns=\"http:\/\/www.w3.org\/2000\/svg\" width=\"12\" height=\"12\" fill=\"none\" viewBox=\"0 0 12 12\">\n\t\t\t\t<path fill=\"#fff\" d=\"M2 0a2 2 0 0 0-2 2v2h1.5V2a.5.5 0 0 1 .5-.5h2V0H2Zm2 10.5H2a.5.5 0 0 1-.5-.5V8H0v2a2 2 0 0 0 2 2h2v-1.5ZM8 12v-1.5h2a.5.5 0 0 0 .5-.5V8H12v2a2 2 0 0 1-2 2H8Zm2-12a2 2 0 0 1 2 2v2h-1.5V2a.5.5 0 0 0-.5-.5H8V0h2Z\" \/>\n\t\t\t<\/svg>\n\t\t<\/button><\/figure>\n\n\n\n<figure data-wp-context=\"{&quot;imageId&quot;:&quot;69e17713679fb&quot;}\" data-wp-interactive=\"core\/image\" data-wp-key=\"69e17713679fb\" class=\"wp-block-image size-full wp-lightbox-container\"><img alt=\"Route submersible traversant la mer \u00e0 mar\u00e9e basse.\" decoding=\"async\" width=\"1920\" height=\"1277\" data-wp-class--hide=\"state.isContentHidden\" data-wp-class--show=\"state.isContentVisible\" data-wp-init=\"callbacks.setButtonStyles\" data-wp-on--click=\"actions.showLightbox\" data-wp-on--load=\"callbacks.setButtonStyles\" data-wp-on-window--resize=\"callbacks.setButtonStyles\" src=\"https:\/\/www.domainedessalins.com\/wp-content\/uploads\/2026\/02\/passage-du-gois-noirmoutier-1.webp\" alt=\"\" class=\"wp-image-824\" srcset=\"https:\/\/www.domainedessalins.com\/wp-content\/uploads\/2026\/02\/passage-du-gois-noirmoutier-1.webp 1920w, https:\/\/www.domainedessalins.com\/wp-content\/uploads\/2026\/02\/passage-du-gois-noirmoutier-1-300x200.webp 300w, https:\/\/www.domainedessalins.com\/wp-content\/uploads\/2026\/02\/passage-du-gois-noirmoutier-1-1024x681.webp 1024w, https:\/\/www.domainedessalins.com\/wp-content\/uploads\/2026\/02\/passage-du-gois-noirmoutier-1-768x511.webp 768w, https:\/\/www.domainedessalins.com\/wp-content\/uploads\/2026\/02\/passage-du-gois-noirmoutier-1-720x480.webp 720w, https:\/\/www.domainedessalins.com\/wp-content\/uploads\/2026\/02\/passage-du-gois-noirmoutier-1-480x320.webp 480w, https:\/\/www.domainedessalins.com\/wp-content\/uploads\/2026\/02\/passage-du-gois-noirmoutier-1-240x160.webp 240w, https:\/\/www.domainedessalins.com\/wp-content\/uploads\/2026\/02\/passage-du-gois-noirmoutier-1-120x80.webp 120w\" sizes=\"(max-width: 1920px) 100vw, 1920px\" \/><button\n\t\t\tclass=\"lightbox-trigger\"\n\t\t\ttype=\"button\"\n\t\t\taria-haspopup=\"dialog\"\n\t\t\taria-label=\"Enlarge\"\n\t\t\tdata-wp-init=\"callbacks.initTriggerButton\"\n\t\t\tdata-wp-on--click=\"actions.showLightbox\"\n\t\t\tdata-wp-style--right=\"state.imageButtonRight\"\n\t\t\tdata-wp-style--top=\"state.imageButtonTop\"\n\t\t>\n\t\t\t<svg xmlns=\"http:\/\/www.w3.org\/2000\/svg\" width=\"12\" height=\"12\" fill=\"none\" viewBox=\"0 0 12 12\">\n\t\t\t\t<path fill=\"#fff\" d=\"M2 0a2 2 0 0 0-2 2v2h1.5V2a.5.5 0 0 1 .5-.5h2V0H2Zm2 10.5H2a.5.5 0 0 1-.5-.5V8H0v2a2 2 0 0 0 2 2h2v-1.5ZM8 12v-1.5h2a.5.5 0 0 0 .5-.5V8H12v2a2 2 0 0 1-2 2H8Zm2-12a2 2 0 0 1 2 2v2h-1.5V2a.5.5 0 0 0-.5-.5H8V0h2Z\" \/>\n\t\t\t<\/svg>\n\t\t<\/button><\/figure>\n\n\n\n<figure data-wp-context=\"{&quot;imageId&quot;:&quot;69e1771368918&quot;}\" data-wp-interactive=\"core\/image\" data-wp-key=\"69e1771368918\" class=\"wp-block-image size-full wp-container-content-f5b586fb wp-lightbox-container\"><img alt=\"Tour m\u00e9di\u00e9vale en bois pr\u00e8s d&#039;un lac.\" decoding=\"async\" width=\"1920\" height=\"1280\" data-wp-class--hide=\"state.isContentHidden\" data-wp-class--show=\"state.isContentVisible\" data-wp-init=\"callbacks.setButtonStyles\" data-wp-on--click=\"actions.showLightbox\" data-wp-on--load=\"callbacks.setButtonStyles\" data-wp-on-window--resize=\"callbacks.setButtonStyles\" src=\"https:\/\/www.domainedessalins.com\/wp-content\/uploads\/2026\/02\/AdobeStock_1764975758.webp\" alt=\"\" class=\"wp-image-840\" srcset=\"https:\/\/www.domainedessalins.com\/wp-content\/uploads\/2026\/02\/AdobeStock_1764975758.webp 1920w, https:\/\/www.domainedessalins.com\/wp-content\/uploads\/2026\/02\/AdobeStock_1764975758-300x200.webp 300w, https:\/\/www.domainedessalins.com\/wp-content\/uploads\/2026\/02\/AdobeStock_1764975758-1024x683.webp 1024w, https:\/\/www.domainedessalins.com\/wp-content\/uploads\/2026\/02\/AdobeStock_1764975758-768x512.webp 768w, https:\/\/www.domainedessalins.com\/wp-content\/uploads\/2026\/02\/AdobeStock_1764975758-1440x960.webp 1440w, https:\/\/www.domainedessalins.com\/wp-content\/uploads\/2026\/02\/AdobeStock_1764975758-1080x720.webp 1080w, https:\/\/www.domainedessalins.com\/wp-content\/uploads\/2026\/02\/AdobeStock_1764975758-720x480.webp 720w, https:\/\/www.domainedessalins.com\/wp-content\/uploads\/2026\/02\/AdobeStock_1764975758-480x320.webp 480w, https:\/\/www.domainedessalins.com\/wp-content\/uploads\/2026\/02\/AdobeStock_1764975758-240x160.webp 240w, https:\/\/www.domainedessalins.com\/wp-content\/uploads\/2026\/02\/AdobeStock_1764975758-120x80.webp 120w\" sizes=\"(max-width: 1920px) 100vw, 1920px\" \/><button\n\t\t\tclass=\"lightbox-trigger\"\n\t\t\ttype=\"button\"\n\t\t\taria-haspopup=\"dialog\"\n\t\t\taria-label=\"Enlarge\"\n\t\t\tdata-wp-init=\"callbacks.initTriggerButton\"\n\t\t\tdata-wp-on--click=\"actions.showLightbox\"\n\t\t\tdata-wp-style--right=\"state.imageButtonRight\"\n\t\t\tdata-wp-style--top=\"state.imageButtonTop\"\n\t\t>\n\t\t\t<svg xmlns=\"http:\/\/www.w3.org\/2000\/svg\" width=\"12\" height=\"12\" fill=\"none\" viewBox=\"0 0 12 12\">\n\t\t\t\t<path fill=\"#fff\" d=\"M2 0a2 2 0 0 0-2 2v2h1.5V2a.5.5 0 0 1 .5-.5h2V0H2Zm2 10.5H2a.5.5 0 0 1-.5-.5V8H0v2a2 2 0 0 0 2 2h2v-1.5ZM8 12v-1.5h2a.5.5 0 0 0 .5-.5V8H12v2a2 2 0 0 1-2 2H8Zm2-12a2 2 0 0 1 2 2v2h-1.5V2a.5.5 0 0 0-.5-.5H8V0h2Z\" \/>\n\t\t\t<\/svg>\n\t\t<\/button><\/figure>\n<\/div>\n<\/div>\n<\/div>\n","protected":false},"excerpt":{"rendered":"<p>Camping in Vend\u00e9e 4-star campsite in Vend\u00e9e near the sea At Domaine des Salins, our 4-star campsite in the Vend\u00e9e close to the sea, we give you all the good reasons to choose this lovely tourist department for your next vacation. First of all, the Vend\u00e9e is a clever blend of coastline and bocage: on [&hellip;]<\/p>\n","protected":false},"featured_media":0,"parent":0,"menu_order":15,"comment_status":"closed","ping_status":"closed","template":"page-no-title","meta":{"_acf_changed":false,"_seopress_robots_primary_cat":"","_seopress_titles_title":"4-star campsite with swimming pool - \u1403 DOMAINE DES SALINS **** - Vend\u00e9e","_seopress_titles_desc":"Your vacations in a 4-star campsite in Vend\u00e9e, with the Domaine des Salins in St Hilaire de Riez, 800m from the sea, with its aquatic area near St Jean de Monts","_seopress_robots_index":"","footnotes":""},"class_list":["post-1349","page","type-page","status-publish","format-standard","hentry"],"acf":[],"_links":{"self":[{"href":"https:\/\/www.domainedessalins.com\/en\/wp-json\/wp\/v2\/pages\/1349","targetHints":{"allow":["GET"]}}],"collection":[{"href":"https:\/\/www.domainedessalins.com\/en\/wp-json\/wp\/v2\/pages"}],"about":[{"href":"https:\/\/www.domainedessalins.com\/en\/wp-json\/wp\/v2\/types\/page"}],"author":[{"embeddable":true,"href":"https:\/\/www.domainedessalins.com\/en\/wp-json\/wp\/v2\/users\/1"}],"replies":[{"embeddable":true,"href":"https:\/\/www.domainedessalins.com\/en\/wp-json\/wp\/v2\/comments?post=1349"}],"version-history":[{"count":1,"href":"https:\/\/www.domainedessalins.com\/en\/wp-json\/wp\/v2\/pages\/1349\/revisions"}],"predecessor-version":[{"id":1350,"href":"https:\/\/www.domainedessalins.com\/en\/wp-json\/wp\/v2\/pages\/1349\/revisions\/1350"}],"wp:attachment":[{"href":"https:\/\/www.domainedessalins.com\/en\/wp-json\/wp\/v2\/media?parent=1349"}],"curies":[{"name":"wp","href":"https:\/\/api.w.org\/{rel}","templated":true}]}}