{"id":1375,"date":"2026-02-06T12:26:34","date_gmt":"2026-02-06T11:26:34","guid":{"rendered":"https:\/\/www.domainedessalins.com\/blog\/"},"modified":"2026-03-25T14:30:19","modified_gmt":"2026-03-25T13:30:19","slug":"blog-camping-vendee","status":"publish","type":"page","link":"https:\/\/www.domainedessalins.com\/en\/blog-camping-vendee\/","title":{"rendered":"Blog"},"content":{"rendered":"\n<div class=\"wp-block-cover alignfull hrz-hero is-style-default is-zoomed\" style=\"margin-top:0;margin-bottom:0;padding-top:15rem;padding-bottom:15rem;min-height:90vh;aspect-ratio:unset;\"><img alt=\"Piscine ext\u00e9rieure avec toboggans aquatiques color\u00e9s.\" decoding=\"async\" width=\"1920\" height=\"660\" class=\"wp-block-cover__image-background wp-image-171 size-full\" alt=\"\" src=\"https:\/\/www.domainedessalins.com\/wp-content\/uploads\/2026\/02\/piscine.jpeg\" data-object-fit=\"cover\" srcset=\"https:\/\/www.domainedessalins.com\/wp-content\/uploads\/2026\/02\/piscine.jpeg 1920w, https:\/\/www.domainedessalins.com\/wp-content\/uploads\/2026\/02\/piscine-300x103.jpeg 300w, https:\/\/www.domainedessalins.com\/wp-content\/uploads\/2026\/02\/piscine-1024x352.jpeg 1024w, https:\/\/www.domainedessalins.com\/wp-content\/uploads\/2026\/02\/piscine-768x264.jpeg 768w\" sizes=\"(max-width: 1920px) 100vw, 1920px\" \/><span aria-hidden=\"true\" class=\"wp-block-cover__background has-texte-background-color has-background-dim-30 has-background-dim\"><\/span><div class=\"wp-block-cover__inner-container has-global-padding is-layout-constrained wp-container-core-cover-is-layout-e8d6252e wp-block-cover-is-layout-constrained\">\n<h1 class=\"wp-block-heading has-text-align-center is-style-hrz-p--title has-blanc-color has-text-color has-link-color has-xl-font-size wp-elements-b6b41d74283895677352c079ae5adf19\">Domaine des Salins blog<\/h1>\n<\/div><\/div>\n\n\n\n<div class=\"wp-block-group alignfull has-quaternary-background-color has-background has-global-padding is-layout-constrained wp-container-core-group-is-layout-f3e47dc3 wp-block-group-is-layout-constrained\" style=\"padding-top:var(--wp--preset--spacing--xs);padding-right:var(--wp--preset--spacing--xs);padding-bottom:var(--wp--preset--spacing--xs);padding-left:var(--wp--preset--spacing--xs)\"><div class=\"wp-block-wpseopress-breadcrumbs\"><nav  aria-label=\"breadcrumb\"><ol class=\"breadcrumb\" itemscope itemtype=\"https:\/\/schema.org\/BreadcrumbList\"><li class=\"breadcrumb-item active\" aria-current=\"page\" itemprop=\"itemListElement\" itemscope itemtype=\"https:\/\/schema.org\/ListItem\"><span itemprop=\"name\">Camping \u00e0 Saint-Hilaire-de-Riez<\/span><meta itemprop=\"position\" content=\"1\"><\/li><\/ol><\/nav><\/div><\/div>\n\n\n\n<div class=\"wp-block-group alignfull has-quaternary-background-color has-background has-global-padding is-layout-constrained wp-container-core-group-is-layout-2954f9b5 wp-block-group-is-layout-constrained\" style=\"padding-top:0;padding-bottom:var(--wp--preset--spacing--xxl)\">\n<div style=\"height:150px\" aria-hidden=\"true\" class=\"wp-block-spacer\"><\/div>\n\n\n<!-- Gridbuilder \u1d42\u1d3e Plugin (https:\/\/wpgridbuilder.com) -->\n<div class=\"wp-grid-builder wpgb-grid-1\" data-options=\"{&quot;id&quot;:1,&quot;type&quot;:&quot;masonry&quot;,&quot;source&quot;:&quot;post_type&quot;,&quot;loader&quot;:true,&quot;layout&quot;:&quot;vertical&quot;,&quot;reveal&quot;:1,&quot;isMainQuery&quot;:false,&quot;lazyLoad&quot;:true,&quot;cardSizes&quot;:{&quot;9999&quot;:{&quot;columns&quot;:3,&quot;height&quot;:240,&quot;gutter&quot;:28,&quot;ratio&quot;:&quot;1.33333&quot;},&quot;1200&quot;:{&quot;columns&quot;:2,&quot;height&quot;:240,&quot;gutter&quot;:28,&quot;ratio&quot;:&quot;1.33333&quot;},&quot;992&quot;:{&quot;columns&quot;:2,&quot;height&quot;:220,&quot;gutter&quot;:28,&quot;ratio&quot;:&quot;1.33333&quot;},&quot;768&quot;:{&quot;columns&quot;:1,&quot;height&quot;:220,&quot;gutter&quot;:28,&quot;ratio&quot;:&quot;1.33333&quot;},&quot;576&quot;:{&quot;columns&quot;:1,&quot;height&quot;:200,&quot;gutter&quot;:28,&quot;ratio&quot;:&quot;1.33333&quot;},&quot;320&quot;:{&quot;columns&quot;:1,&quot;height&quot;:200,&quot;gutter&quot;:28,&quot;ratio&quot;:&quot;1.33333&quot;}},&quot;fitRows&quot;:false,&quot;equalRows&quot;:0,&quot;equalColumns&quot;:false,&quot;fillLastRow&quot;:0,&quot;centerLastRow&quot;:0,&quot;horizontalOrder&quot;:true,&quot;fullWidth&quot;:false,&quot;transitionDelay&quot;:100,&quot;gallerySlideshow&quot;:false,&quot;rowsNumber&quot;:1,&quot;slideAlign&quot;:&quot;left&quot;,&quot;groupCells&quot;:1,&quot;draggable&quot;:true,&quot;initialIndex&quot;:0,&quot;contain&quot;:false,&quot;freeScroll&quot;:false,&quot;freeFriction&quot;:&quot;0.075&quot;,&quot;friction&quot;:&quot;0.285&quot;,&quot;attraction&quot;:&quot;0.025&quot;,&quot;autoPlay&quot;:0,&quot;pageDotAriaLabel&quot;:&quot;Page dot %d&quot;,&quot;isPreview&quot;:false,&quot;isGutenberg&quot;:false,&quot;rightToLeft&quot;:false}\"><div class=\"wpgb-svg-icons\" hidden>\n\t<svg viewBox=\"0 0 120 24\" width=\"0\" height=\"0\">\n\t<defs>\n        <polygon id=\"wpgb-star-svg\" points=\"12 2.5 15.1 8.8 22 9.8 17 14.6 18.2 21.5 12 18.3 5.8 21.5 7 14.6 2 9.8 8.9 8.8\"><\/polygon>\n    <\/defs>\n    <symbol id=\"wpgb-rating-stars-svg\">\n        <use xlink:href=\"#wpgb-star-svg\"><\/use>\n        <use xlink:href=\"#wpgb-star-svg\" x=\"24\"><\/use>\n        <use xlink:href=\"#wpgb-star-svg\" x=\"48\"><\/use>\n        <use xlink:href=\"#wpgb-star-svg\" x=\"72\"><\/use>\n        <use xlink:href=\"#wpgb-star-svg\" x=\"96\"><\/use>\n    <\/symbol>\n<\/svg>\n<\/div>\n<div class=\"wpgb-wrapper\">\n\t<div class=\"wpgb-main\">\n\t<div class=\"wpgb-area wpgb-area-top-2\">\n\t<div class=\"wpgb-facet wpgb-loading wpgb-facet-3\" data-facet=\"3\" data-grid=\"1\"><\/div><div class=\"wpgb-facet wpgb-loading wpgb-facet-2\" data-facet=\"2\" data-grid=\"1\"><\/div><\/div>\n<div class=\"wpgb-layout\">\n\t<div class=\"wpgb-viewport\">\n\t\t<div class=\"wpgb-masonry\">\n\t\t\t<article class=\"wpgb-card wpgb-card-23 wpgb-post-1334 wpgb-card-hidden\" data-col=\"1\" data-row=\"1\" data-format=\"standard\" data-fluid><div class=\"wpgb-card-wrapper\"><div class=\"wpgb-card-inner\" data-action><div class=\"wpgb-card-media wpgb-scheme-light\"><svg data-ratio style=\"padding-top:75%\" viewBox=\"0 0 768 576\"><\/svg><div class=\"wpgb-card-media-thumbnail\"><a href=\"https:\/\/www.domainedessalins.com\/wp-content\/uploads\/2026\/02\/huitres-vendee.jpg\" tabindex=\"-1\" class=\"wpgb-handle-lb wpgb-lightbox\" data-type=\"image\" data-rel=\"1\" data-title=\"huitres-vendee\" title=\"Enlarge photo\"><div class=\"wpgb-lazy-load wpgb-lazy-spinner\" data-wpgb-thumb=\"\" data-wpgb-src=\"https:\/\/www.domainedessalins.com\/wp-content\/uploads\/2026\/02\/huitres-vendee-768x576.jpg\"><\/div><noscript><img decoding=\"async\" class=\"wpgb-noscript-img\" src=\"https:\/\/www.domainedessalins.com\/wp-content\/uploads\/2026\/02\/huitres-vendee-768x576.jpg\" alt=\"Plate of oysters with vinaigrette and salad.\" height=\"576\" width=\"768\"><\/noscript><\/a><\/div><\/div><div class=\"wpgb-card-content wpgb-scheme-dark\"><div class=\"wpgb-card-body\"><h3 class=\"wpgb-block-2\">Gastronomy of the Vend\u00e9e<\/h3><div class=\"wpgb-block-3\"><p>The Vend\u00e9e region has a wealth of delicious dishes, from starters to desserts, so you can eat 100% Vend\u00e9e without worry!<\/p><\/div><\/div><div class=\"wpgb-card-footer\"><div class=\"wpgb-block-1\">Find out more<\/div><\/div><\/div><a class=\"wpgb-card-layer-link\" href=\"https:\/\/www.domainedessalins.com\/en\/blog\/gastronomy-of-the-vendee\/\"><\/a><\/div><\/div><\/article><article class=\"wpgb-card wpgb-card-23 wpgb-post-1331 wpgb-card-hidden\" data-col=\"1\" data-row=\"1\" data-format=\"standard\" data-fluid><div class=\"wpgb-card-wrapper\"><div class=\"wpgb-card-inner\" data-action><div class=\"wpgb-card-media wpgb-scheme-light\"><svg data-ratio style=\"padding-top:75%\" viewBox=\"0 0 768 576\"><\/svg><div class=\"wpgb-card-media-thumbnail\"><a href=\"https:\/\/www.domainedessalins.com\/wp-content\/uploads\/2026\/02\/Copyright_A.Lamoureux_Vendee_Expansion_St_Gilles_Croix_de_Vie_port_de_peche.webp\" tabindex=\"-1\" class=\"wpgb-handle-lb wpgb-lightbox\" data-type=\"image\" data-rel=\"1\" data-title=\"Copyright_A.Lamoureux_Vendee_Expansion_St_Gilles_Croix_de_Vie_port_de_peche\" title=\"Enlarge photo\"><div class=\"wpgb-lazy-load wpgb-lazy-spinner\" data-wpgb-thumb=\"\" data-wpgb-src=\"https:\/\/www.domainedessalins.com\/wp-content\/uploads\/2026\/02\/Copyright_A.Lamoureux_Vendee_Expansion_St_Gilles_Croix_de_Vie_port_de_peche-768x576.webp\"><\/div><noscript><img decoding=\"async\" class=\"wpgb-noscript-img\" src=\"https:\/\/www.domainedessalins.com\/wp-content\/uploads\/2026\/02\/Copyright_A.Lamoureux_Vendee_Expansion_St_Gilles_Croix_de_Vie_port_de_peche-768x576.webp\" alt=\"Colorful boats moored in a picturesque harbor.\" height=\"576\" width=\"768\"><\/noscript><\/a><\/div><\/div><div class=\"wpgb-card-content wpgb-scheme-dark\"><div class=\"wpgb-card-body\"><h3 class=\"wpgb-block-2\">Walks in the Saint Gilles Croix de Vie area<\/h3><div class=\"wpgb-block-3\"><p>Take advantage of your vacation in St Hilaire de Riez to discover the surrounding area. For your pleasure, we offer bike rental (with a local service provider). <\/p><\/div><\/div><div class=\"wpgb-card-footer\"><div class=\"wpgb-block-1\">Find out more<\/div><\/div><\/div><a class=\"wpgb-card-layer-link\" href=\"https:\/\/www.domainedessalins.com\/en\/blog\/walks-in-the-saint-gilles-croix-de-vie-area\/\"><\/a><\/div><\/div><\/article><article class=\"wpgb-card wpgb-card-23 wpgb-post-1324 wpgb-card-hidden\" data-col=\"1\" data-row=\"1\" data-format=\"standard\" data-fluid><div class=\"wpgb-card-wrapper\"><div class=\"wpgb-card-inner\" data-action><div class=\"wpgb-card-media wpgb-scheme-light\"><svg data-ratio style=\"padding-top:66.67%\" viewBox=\"0 0 768 512\"><\/svg><div class=\"wpgb-card-media-thumbnail\"><a href=\"https:\/\/www.domainedessalins.com\/wp-content\/uploads\/2026\/02\/piscine-couverte-chauffee-w.webp\" tabindex=\"-1\" class=\"wpgb-handle-lb wpgb-lightbox\" data-type=\"image\" data-rel=\"1\" data-title=\"heated-covered-pool w\" title=\"Enlarge photo\"><div class=\"wpgb-lazy-load wpgb-lazy-spinner\" data-wpgb-thumb=\"\" data-wpgb-src=\"https:\/\/www.domainedessalins.com\/wp-content\/uploads\/2026\/02\/piscine-couverte-chauffee-w-768x512.webp\"><\/div><noscript><img decoding=\"async\" class=\"wpgb-noscript-img\" src=\"https:\/\/www.domainedessalins.com\/wp-content\/uploads\/2026\/02\/piscine-couverte-chauffee-w-768x512.webp\" alt=\"Indoor pool with colorful chairs.\" height=\"512\" width=\"768\"><\/noscript><\/a><\/div><\/div><div class=\"wpgb-card-content wpgb-scheme-dark\"><div class=\"wpgb-card-body\"><h3 class=\"wpgb-block-2\">My family vacation in Vend\u00e9e<\/h3><p class=\"wpgb-block-3\">Choosing a vacation is often a choice that is made as a family. We take the time to get to know everyone&#8217;s wishes and desires, on the list and on the tent to find the&#8230;<\/p><\/div><div class=\"wpgb-card-footer\"><div class=\"wpgb-block-1\">Find out more<\/div><\/div><\/div><a class=\"wpgb-card-layer-link\" href=\"https:\/\/www.domainedessalins.com\/en\/blog\/my-family-vacation-in-vendee\/\"><\/a><\/div><\/div><\/article><article class=\"wpgb-card wpgb-card-23 wpgb-post-1292 wpgb-card-hidden\" data-col=\"1\" data-row=\"1\" data-format=\"standard\" data-fluid><div class=\"wpgb-card-wrapper\"><div class=\"wpgb-card-inner\" data-action><div class=\"wpgb-card-media wpgb-scheme-light\"><svg data-ratio style=\"padding-top:75%\" viewBox=\"0 0 768 576\"><\/svg><div class=\"wpgb-card-media-thumbnail\"><a href=\"https:\/\/www.domainedessalins.com\/wp-content\/uploads\/2026\/02\/soiree-dansante.webp\" tabindex=\"-1\" class=\"wpgb-handle-lb wpgb-lightbox\" data-type=\"image\" data-rel=\"1\" data-title=\"evening dance\" title=\"Enlarge photo\"><div class=\"wpgb-lazy-load wpgb-lazy-spinner\" data-wpgb-thumb=\"\" data-wpgb-src=\"https:\/\/www.domainedessalins.com\/wp-content\/uploads\/2026\/02\/soiree-dansante-768x576.webp\"><\/div><noscript><img decoding=\"async\" class=\"wpgb-noscript-img\" src=\"https:\/\/www.domainedessalins.com\/wp-content\/uploads\/2026\/02\/soiree-dansante-768x576.webp\" alt=\"Dancing crowd with colored lights in the evening.\" height=\"576\" width=\"768\"><\/noscript><\/a><\/div><\/div><div class=\"wpgb-card-content wpgb-scheme-dark\"><div class=\"wpgb-card-body\"><h3 class=\"wpgb-block-2\">Domaine des Salins, a family spirit<\/h3><div class=\"wpgb-block-3\"><p>At the Domaine des Salins campsite, we are committed to welcoming families and giving them a little of us through what we call &#8220;family spirit&#8221;.<\/p><\/div><\/div><div class=\"wpgb-card-footer\"><div class=\"wpgb-block-1\">Find out more<\/div><\/div><\/div><a class=\"wpgb-card-layer-link\" href=\"https:\/\/www.domainedessalins.com\/en\/blog\/domaine-des-salins-a-family-spirit\/\"><\/a><\/div><\/div><\/article>\t\t<\/div>\n\t<\/div>\n\t<div class=\"wpgb-loader\">\n\t<div class=\"wpgb-loader-17\">\n\t\t<div><div><\/div><div><\/div><\/div>\t<\/div>\n<\/div>\n<\/div>\n\t<\/div>\n\t\t<\/div>\n<\/div>\n\n\n\n<div style=\"height:var(--wp--preset--spacing--xxxxl)\" aria-hidden=\"true\" class=\"wp-block-spacer\"><\/div>\n<\/div>\n\n\n\n<p><\/p>\n","protected":false},"excerpt":{"rendered":"","protected":false},"featured_media":0,"parent":0,"menu_order":42,"comment_status":"closed","ping_status":"closed","template":"page-no-title","meta":{"_acf_changed":false,"_seopress_robots_primary_cat":"","_seopress_titles_title":"Camping Saint Hilaire de Riez blog du domaine des salins - \u1403 DOMAINE DES SALINS **** - Vend\u00e9e","_seopress_titles_desc":"Camping Saint Hilaire de Riez avec blog du domaine des salins, en Vend\u00e9e, le CAMPING DOMAINE DES SALINS **** \u00e0 St-Hilaire-de-Riez, vous propose espace aquatique avec piscine couverte chauff\u00e9e et toboggans, location de mobil-homes et emplacements...","_seopress_robots_index":"","footnotes":""},"class_list":["post-1375","page","type-page","status-publish","format-standard","hentry"],"acf":[],"_links":{"self":[{"href":"https:\/\/www.domainedessalins.com\/en\/wp-json\/wp\/v2\/pages\/1375","targetHints":{"allow":["GET"]}}],"collection":[{"href":"https:\/\/www.domainedessalins.com\/en\/wp-json\/wp\/v2\/pages"}],"about":[{"href":"https:\/\/www.domainedessalins.com\/en\/wp-json\/wp\/v2\/types\/page"}],"author":[{"embeddable":true,"href":"https:\/\/www.domainedessalins.com\/en\/wp-json\/wp\/v2\/users\/1"}],"replies":[{"embeddable":true,"href":"https:\/\/www.domainedessalins.com\/en\/wp-json\/wp\/v2\/comments?post=1375"}],"version-history":[{"count":2,"href":"https:\/\/www.domainedessalins.com\/en\/wp-json\/wp\/v2\/pages\/1375\/revisions"}],"predecessor-version":[{"id":1755,"href":"https:\/\/www.domainedessalins.com\/en\/wp-json\/wp\/v2\/pages\/1375\/revisions\/1755"}],"wp:attachment":[{"href":"https:\/\/www.domainedessalins.com\/en\/wp-json\/wp\/v2\/media?parent=1375"}],"curies":[{"name":"wp","href":"https:\/\/api.w.org\/{rel}","templated":true}]}}