{"id":1355,"date":"2026-02-06T12:36:09","date_gmt":"2026-02-06T11:36:09","guid":{"rendered":"https:\/\/www.domainedessalins.com\/tickets\/"},"modified":"2026-03-24T17:20:11","modified_gmt":"2026-03-24T16:20:11","slug":"tickets","status":"publish","type":"page","link":"https:\/\/www.domainedessalins.com\/nl\/tickets\/","title":{"rendered":"Tickets"},"content":{"rendered":"\n<div class=\"wp-block-cover alignfull hrz-hero is-style-default is-zoomed\" style=\"margin-top:0;margin-bottom:0;padding-top:15rem;padding-bottom:15rem;min-height:90vh;aspect-ratio:unset;\"><img alt=\"Plage c\u00f4ti\u00e8re avec dunes et herbe au soleil couchant.\" decoding=\"async\" width=\"1440\" height=\"660\" class=\"wp-block-cover__image-background wp-image-1060 size-16\/9_1440x810_desktop\" alt=\"\" src=\"https:\/\/www.domainedessalins.com\/wp-content\/uploads\/2026\/02\/vendee-1440x660.webp\" data-object-fit=\"cover\"\/><span aria-hidden=\"true\" class=\"wp-block-cover__background has-texte-background-color has-background-dim-30 has-background-dim\"><\/span><div class=\"wp-block-cover__inner-container has-global-padding is-layout-constrained wp-container-core-cover-is-layout-e8d6252e wp-block-cover-is-layout-constrained\">\n<h1 class=\"wp-block-heading has-text-align-center is-style-hrz-p--title has-blanc-color has-text-color has-link-color has-xl-font-size wp-elements-50521718316c7acde1bf342529996f31\">Tickets<\/h1>\n<\/div><\/div>\n\n<div class=\"wp-block-group alignfull has-quaternary-background-color has-background has-global-padding is-layout-constrained wp-container-core-group-is-layout-f3e47dc3 wp-block-group-is-layout-constrained\" style=\"padding-top:var(--wp--preset--spacing--xs);padding-right:var(--wp--preset--spacing--xs);padding-bottom:var(--wp--preset--spacing--xs);padding-left:var(--wp--preset--spacing--xs)\"><div class=\"wp-block-wpseopress-breadcrumbs\"><nav  aria-label=\"breadcrumb\"><ol class=\"breadcrumb\" itemscope itemtype=\"https:\/\/schema.org\/BreadcrumbList\"><li class=\"breadcrumb-item active\" aria-current=\"page\" itemprop=\"itemListElement\" itemscope itemtype=\"https:\/\/schema.org\/ListItem\"><span itemprop=\"name\">Camping \u00e0 Saint-Hilaire-de-Riez<\/span><meta itemprop=\"position\" content=\"1\"><\/li><\/ol><\/nav><\/div><\/div>\n\n<div class=\"wp-block-group alignfull has-quaternary-background-color has-background has-global-padding is-layout-constrained wp-container-core-group-is-layout-1243b159 wp-block-group-is-layout-constrained\" style=\"padding-top:var(--wp--preset--spacing--xxl);padding-bottom:var(--wp--preset--spacing--xxl)\">\n<div class=\"wp-block-group hrz-responsive-group fade has-global-padding is-layout-constrained wp-container-core-group-is-layout-ed92f1a2 wp-block-group-is-layout-constrained\">\n<figure class=\"wp-block-image aligncenter size-full is-resized wp-duotone-bg-or\" style=\"margin-bottom:var(--wp--preset--spacing--s)\"><img alt=\"\" decoding=\"async\" src=\"https:\/\/www.domainedessalins.com\/wp-content\/uploads\/2026\/02\/coeurvendeen.svg\" alt=\"\" class=\"wp-image-254\" style=\"width:auto;height:70px\"\/><\/figure>\n\n\n\n<h2 class=\"wp-block-heading has-text-align-center is-style-hrz-title--sub has-ternary-color has-text-color has-link-color wp-elements-940c90a7b706e96d2bf0100fac48d781\">Atlantische slee<\/h2>\n\n\n\n<p class=\"has-text-align-center is-style-hrz-p--base\" style=\"margin-top:var(--wp--preset--spacing--l);margin-bottom:var(--wp--preset--spacing--l)\">Waterpark op 500 m van de camping, met sensationele glijbanen!<br\/>Er is van alles voor het hele gezin: waterglijbanen, een nieuw aqualudisch gedeelte, een wildwaterrivier, een meer met waterfietsen, een golfslagbad, enz.<\/p>\n\n\n\n<p class=\"has-text-align-center is-style-hrz-p--base\" style=\"margin-top:var(--wp--preset--spacing--l);margin-bottom:var(--wp--preset--spacing--l)\">Binnenkort &#8230; tarieven 2026<\/p>\n\n\n\n<h2 class=\"wp-block-heading has-text-align-center is-style-hrz-title--sub has-ternary-color has-text-color has-link-color wp-elements-6f7992bba9217b6b435e47714aea3044\">Grand Parc du Puy du Fou<\/h2>\n\n\n\n<p class=\"has-text-align-center is-style-hrz-p--base\" style=\"margin-top:var(--wp--preset--spacing--l);margin-bottom:var(--wp--preset--spacing--l)\">Breng een dag door met een onvergetelijke ervaring!<br\/>Maak een reis door de eeuwen heen met een groot aantal shows boordevol actie en emoties!<\/p>\n\n\n\n<p class=\"has-text-align-center is-style-hrz-p--base\" style=\"margin-top:var(--wp--preset--spacing--l);margin-bottom:var(--wp--preset--spacing--l)\">Binnenkort &#8230; prijzen 2026<br\/>Volwassenen: \u20ac in plaats van \u20ac boek 72u op voorhand<br\/>Kinderen: \u20ac in plaats van \u20ac boek 72u op voorhand<\/p>\n\n\n\n<h2 class=\"wp-block-heading has-text-align-center is-style-hrz-title--sub has-ternary-color has-text-color has-link-color wp-elements-66972ddb7c81fd4cac75f9860649b711\">Wilde Planeet<\/h2>\n\n\n\n<p class=\"has-text-align-center is-style-hrz-p--base\" style=\"margin-top:var(--wp--preset--spacing--l);margin-bottom:var(--wp--preset--spacing--l)\">Een rit van 10 km tussen de dieren, een dolfijnenshow, de ontdekking van het dorp Kirikou&#8230; De idyllische omgeving van het park neemt je mee op een buitengewone reis, op slechts 1 uur rijden.<\/p>\n\n\n\n<p class=\"has-text-align-center is-style-hrz-p--base\" style=\"margin-top:var(--wp--preset--spacing--l);margin-bottom:var(--wp--preset--spacing--l)\">Prijzen 2026<br\/>Volwassenen: \u20ac24,90 in plaats van \u20ac29,90 Kinderen (van 3 tot 12 jaar): \u20ac19 in plaats van \u20ac23<\/p>\n\n\n\n<h2 class=\"wp-block-heading has-text-align-center is-style-hrz-title--sub has-ternary-color has-text-color has-link-color wp-elements-de89a54ac5c141603ec0bec67a202688\">Yeu-eiland<\/h2>\n\n\n\n<p class=\"has-text-align-center is-style-hrz-p--base\" style=\"margin-top:var(--wp--preset--spacing--l);margin-bottom:var(--wp--preset--spacing--l)\">Ile d&#8217;Yeu ligt op slechts 30 minuten varen van Saint-Gilles-Croix-de-Vie en is een compleet andere omgeving! Je kunt het eiland te voet, op de fiets, op een scooter of in een 4&#215;4 voertuig bezoeken! <\/p>\n\n\n\n<p class=\"has-text-align-center\" style=\"margin-top:var(--wp--preset--spacing--l);margin-bottom:var(--wp--preset--spacing--l)\">Tarieven 2026<br\/>Volwassenen: \u20ac41,00 in plaats van \u20ac45,60Voorkeur: \u20ac37,50 in plaats van \u20ac41,60Junioren van 13 tot 18 jaar: \u20ac28,90 in plaats van \u20ac32,00Kinderen van 4 tot 13 jaar: \u20ac22,40 in plaats van \u20ac24,80-leeftijd 4: \u20ac6,20Huisdieren: \u20ac10,00<\/p>\n\n\n\n<h2 class=\"wp-block-heading has-text-align-center is-style-hrz-title--sub has-ternary-color has-text-color has-link-color wp-elements-0237c86cf66be26b87368f82f3b9a74f\">Verkenningsparcours Accrobranche<\/h2>\n\n\n\n<p class=\"has-text-align-center is-style-hrz-p--base\" style=\"margin-top:var(--wp--preset--spacing--l);margin-bottom:var(--wp--preset--spacing--l)\">Recreatiepark in Saint Jean Monts in het hart van het nationale bos. Ongewone en originele gezinsactiviteiten: lasergamen, boogschieten, accrobranche&#8230; Gegarandeerd plezier en goede humor tegen de beste prijs! 10% korting op alle activiteiten (reserveren verplicht) met onze Promo Code! Vraag ernaar bij de receptie.   <\/p>\n\n\n\n<h2 class=\"wp-block-heading has-text-align-center is-style-hrz-title--sub has-ternary-color has-text-color has-link-color wp-elements-c4fdbd7644696ed49531b22e911b027a\"><a href=\"https:\/\/www.aquarium-vendee.com\/\" target=\"_blank\" rel=\"noreferrer noopener\">Aquarium de Vend\u00e9e<\/a><\/h2>\n\n\n\n<p class=\"has-text-align-center is-style-hrz-p--base\" style=\"margin-top:var(--wp--preset--spacing--l);margin-bottom:var(--wp--preset--spacing--l)\">Ontdek de diepten van de zee tijdens een bezoek aan het Aquarium Vend\u00e9e in Talmont Saint Hilaire! Een meeslepende ervaring voor het hele gezin! <\/p>\n\n\n\n<div style=\"height:var(--wp--preset--spacing--xl)\" aria-hidden=\"true\" class=\"wp-block-spacer\"><\/div>\n<\/div>\n\n\n\n<div class=\"wp-block-group alignwide fade has-global-padding is-layout-constrained wp-container-core-group-is-layout-530ec779 wp-block-group-is-layout-constrained\">\n<div class=\"wp-block-group hrz-diapo-grid is-layout-grid wp-container-core-group-is-layout-051102f6 wp-block-group-is-layout-grid\" style=\"border-top-left-radius:50px;border-top-right-radius:50px;border-bottom-left-radius:50px;border-bottom-right-radius:50px\">\n<figure data-wp-context=\"{&quot;imageId&quot;:&quot;69e18c21935f2&quot;}\" data-wp-interactive=\"core\/image\" data-wp-key=\"69e18c21935f2\" class=\"wp-block-image size-full wp-container-content-2ca7f016 wp-lightbox-container\"><img alt=\"Tour m\u00e9di\u00e9vale en bois pr\u00e8s d&#039;un lac.\" decoding=\"async\" width=\"1920\" height=\"1280\" data-wp-class--hide=\"state.isContentHidden\" data-wp-class--show=\"state.isContentVisible\" data-wp-init=\"callbacks.setButtonStyles\" data-wp-on--click=\"actions.showLightbox\" data-wp-on--load=\"callbacks.setButtonStyles\" data-wp-on-window--resize=\"callbacks.setButtonStyles\" src=\"https:\/\/www.domainedessalins.com\/wp-content\/uploads\/2026\/02\/AdobeStock_1764975758.webp\" alt=\"\" class=\"wp-image-840\" srcset=\"https:\/\/www.domainedessalins.com\/wp-content\/uploads\/2026\/02\/AdobeStock_1764975758.webp 1920w, https:\/\/www.domainedessalins.com\/wp-content\/uploads\/2026\/02\/AdobeStock_1764975758-300x200.webp 300w, https:\/\/www.domainedessalins.com\/wp-content\/uploads\/2026\/02\/AdobeStock_1764975758-1024x683.webp 1024w, https:\/\/www.domainedessalins.com\/wp-content\/uploads\/2026\/02\/AdobeStock_1764975758-768x512.webp 768w, https:\/\/www.domainedessalins.com\/wp-content\/uploads\/2026\/02\/AdobeStock_1764975758-1440x960.webp 1440w, https:\/\/www.domainedessalins.com\/wp-content\/uploads\/2026\/02\/AdobeStock_1764975758-1080x720.webp 1080w, https:\/\/www.domainedessalins.com\/wp-content\/uploads\/2026\/02\/AdobeStock_1764975758-720x480.webp 720w, https:\/\/www.domainedessalins.com\/wp-content\/uploads\/2026\/02\/AdobeStock_1764975758-480x320.webp 480w, https:\/\/www.domainedessalins.com\/wp-content\/uploads\/2026\/02\/AdobeStock_1764975758-240x160.webp 240w, https:\/\/www.domainedessalins.com\/wp-content\/uploads\/2026\/02\/AdobeStock_1764975758-120x80.webp 120w\" sizes=\"(max-width: 1920px) 100vw, 1920px\" \/><button\n\t\t\tclass=\"lightbox-trigger\"\n\t\t\ttype=\"button\"\n\t\t\taria-haspopup=\"dialog\"\n\t\t\taria-label=\"Enlarge\"\n\t\t\tdata-wp-init=\"callbacks.initTriggerButton\"\n\t\t\tdata-wp-on--click=\"actions.showLightbox\"\n\t\t\tdata-wp-style--right=\"state.imageButtonRight\"\n\t\t\tdata-wp-style--top=\"state.imageButtonTop\"\n\t\t>\n\t\t\t<svg xmlns=\"http:\/\/www.w3.org\/2000\/svg\" width=\"12\" height=\"12\" fill=\"none\" viewBox=\"0 0 12 12\">\n\t\t\t\t<path fill=\"#fff\" d=\"M2 0a2 2 0 0 0-2 2v2h1.5V2a.5.5 0 0 1 .5-.5h2V0H2Zm2 10.5H2a.5.5 0 0 1-.5-.5V8H0v2a2 2 0 0 0 2 2h2v-1.5ZM8 12v-1.5h2a.5.5 0 0 0 .5-.5V8H12v2a2 2 0 0 1-2 2H8Zm2-12a2 2 0 0 1 2 2v2h-1.5V2a.5.5 0 0 0-.5-.5H8V0h2Z\" \/>\n\t\t\t<\/svg>\n\t\t<\/button><\/figure>\n\n\n\n<figure data-wp-context=\"{&quot;imageId&quot;:&quot;69e18c2194637&quot;}\" data-wp-interactive=\"core\/image\" data-wp-key=\"69e18c2194637\" class=\"wp-block-image size-full wp-lightbox-container\"><img alt=\"Travailleur r\u00e9coltant du sel dans une saline.\" decoding=\"async\" width=\"1920\" height=\"1277\" data-wp-class--hide=\"state.isContentHidden\" data-wp-class--show=\"state.isContentVisible\" data-wp-init=\"callbacks.setButtonStyles\" data-wp-on--click=\"actions.showLightbox\" data-wp-on--load=\"callbacks.setButtonStyles\" data-wp-on-window--resize=\"callbacks.setButtonStyles\" src=\"https:\/\/www.domainedessalins.com\/wp-content\/uploads\/2026\/02\/les-maraits-salants-saint-hilaire-de-riez.webp\" alt=\"\" class=\"wp-image-822\" srcset=\"https:\/\/www.domainedessalins.com\/wp-content\/uploads\/2026\/02\/les-maraits-salants-saint-hilaire-de-riez.webp 1920w, https:\/\/www.domainedessalins.com\/wp-content\/uploads\/2026\/02\/les-maraits-salants-saint-hilaire-de-riez-300x200.webp 300w, https:\/\/www.domainedessalins.com\/wp-content\/uploads\/2026\/02\/les-maraits-salants-saint-hilaire-de-riez-1024x681.webp 1024w, https:\/\/www.domainedessalins.com\/wp-content\/uploads\/2026\/02\/les-maraits-salants-saint-hilaire-de-riez-768x511.webp 768w, https:\/\/www.domainedessalins.com\/wp-content\/uploads\/2026\/02\/les-maraits-salants-saint-hilaire-de-riez-720x480.webp 720w, https:\/\/www.domainedessalins.com\/wp-content\/uploads\/2026\/02\/les-maraits-salants-saint-hilaire-de-riez-480x320.webp 480w, https:\/\/www.domainedessalins.com\/wp-content\/uploads\/2026\/02\/les-maraits-salants-saint-hilaire-de-riez-240x160.webp 240w, https:\/\/www.domainedessalins.com\/wp-content\/uploads\/2026\/02\/les-maraits-salants-saint-hilaire-de-riez-120x80.webp 120w\" sizes=\"(max-width: 1920px) 100vw, 1920px\" \/><button\n\t\t\tclass=\"lightbox-trigger\"\n\t\t\ttype=\"button\"\n\t\t\taria-haspopup=\"dialog\"\n\t\t\taria-label=\"Enlarge\"\n\t\t\tdata-wp-init=\"callbacks.initTriggerButton\"\n\t\t\tdata-wp-on--click=\"actions.showLightbox\"\n\t\t\tdata-wp-style--right=\"state.imageButtonRight\"\n\t\t\tdata-wp-style--top=\"state.imageButtonTop\"\n\t\t>\n\t\t\t<svg xmlns=\"http:\/\/www.w3.org\/2000\/svg\" width=\"12\" height=\"12\" fill=\"none\" viewBox=\"0 0 12 12\">\n\t\t\t\t<path fill=\"#fff\" d=\"M2 0a2 2 0 0 0-2 2v2h1.5V2a.5.5 0 0 1 .5-.5h2V0H2Zm2 10.5H2a.5.5 0 0 1-.5-.5V8H0v2a2 2 0 0 0 2 2h2v-1.5ZM8 12v-1.5h2a.5.5 0 0 0 .5-.5V8H12v2a2 2 0 0 1-2 2H8Zm2-12a2 2 0 0 1 2 2v2h-1.5V2a.5.5 0 0 0-.5-.5H8V0h2Z\" \/>\n\t\t\t<\/svg>\n\t\t<\/button><\/figure>\n\n\n\n<figure data-wp-context=\"{&quot;imageId&quot;:&quot;69e18c2195634&quot;}\" data-wp-interactive=\"core\/image\" data-wp-key=\"69e18c2195634\" class=\"wp-block-image size-full wp-lightbox-container\"><img alt=\"Homme naviguant sur une barque en rivi\u00e8re verdoyante.\" decoding=\"async\" width=\"1920\" height=\"1440\" data-wp-class--hide=\"state.isContentHidden\" data-wp-class--show=\"state.isContentVisible\" data-wp-init=\"callbacks.setButtonStyles\" data-wp-on--click=\"actions.showLightbox\" data-wp-on--load=\"callbacks.setButtonStyles\" data-wp-on-window--resize=\"callbacks.setButtonStyles\" src=\"https:\/\/www.domainedessalins.com\/wp-content\/uploads\/2026\/02\/balade-en-yole-perrier.webp\" alt=\"\" class=\"wp-image-816\" srcset=\"https:\/\/www.domainedessalins.com\/wp-content\/uploads\/2026\/02\/balade-en-yole-perrier.webp 1920w, https:\/\/www.domainedessalins.com\/wp-content\/uploads\/2026\/02\/balade-en-yole-perrier-300x225.webp 300w, https:\/\/www.domainedessalins.com\/wp-content\/uploads\/2026\/02\/balade-en-yole-perrier-1024x768.webp 1024w, https:\/\/www.domainedessalins.com\/wp-content\/uploads\/2026\/02\/balade-en-yole-perrier-768x576.webp 768w, https:\/\/www.domainedessalins.com\/wp-content\/uploads\/2026\/02\/balade-en-yole-perrier-1440x1080.webp 1440w, https:\/\/www.domainedessalins.com\/wp-content\/uploads\/2026\/02\/balade-en-yole-perrier-720x540.webp 720w, https:\/\/www.domainedessalins.com\/wp-content\/uploads\/2026\/02\/balade-en-yole-perrier-320x240.webp 320w, https:\/\/www.domainedessalins.com\/wp-content\/uploads\/2026\/02\/balade-en-yole-perrier-160x120.webp 160w\" sizes=\"(max-width: 1920px) 100vw, 1920px\" \/><button\n\t\t\tclass=\"lightbox-trigger\"\n\t\t\ttype=\"button\"\n\t\t\taria-haspopup=\"dialog\"\n\t\t\taria-label=\"Enlarge\"\n\t\t\tdata-wp-init=\"callbacks.initTriggerButton\"\n\t\t\tdata-wp-on--click=\"actions.showLightbox\"\n\t\t\tdata-wp-style--right=\"state.imageButtonRight\"\n\t\t\tdata-wp-style--top=\"state.imageButtonTop\"\n\t\t>\n\t\t\t<svg xmlns=\"http:\/\/www.w3.org\/2000\/svg\" width=\"12\" height=\"12\" fill=\"none\" viewBox=\"0 0 12 12\">\n\t\t\t\t<path fill=\"#fff\" d=\"M2 0a2 2 0 0 0-2 2v2h1.5V2a.5.5 0 0 1 .5-.5h2V0H2Zm2 10.5H2a.5.5 0 0 1-.5-.5V8H0v2a2 2 0 0 0 2 2h2v-1.5ZM8 12v-1.5h2a.5.5 0 0 0 .5-.5V8H12v2a2 2 0 0 1-2 2H8Zm2-12a2 2 0 0 1 2 2v2h-1.5V2a.5.5 0 0 0-.5-.5H8V0h2Z\" \/>\n\t\t\t<\/svg>\n\t\t<\/button><\/figure>\n\n\n\n<figure data-wp-context=\"{&quot;imageId&quot;:&quot;69e18c219671f&quot;}\" data-wp-interactive=\"core\/image\" data-wp-key=\"69e18c219671f\" class=\"wp-block-image size-full wp-lightbox-container\"><img alt=\"Quadricycle vert sur une plage ensoleill\u00e9e\" decoding=\"async\" width=\"1920\" height=\"1277\" data-wp-class--hide=\"state.isContentHidden\" data-wp-class--show=\"state.isContentVisible\" data-wp-init=\"callbacks.setButtonStyles\" data-wp-on--click=\"actions.showLightbox\" data-wp-on--load=\"callbacks.setButtonStyles\" data-wp-on-window--resize=\"callbacks.setButtonStyles\" src=\"https:\/\/www.domainedessalins.com\/wp-content\/uploads\/2026\/02\/la-rosalie-saint-jean-de-monts.webp\" alt=\"\" class=\"wp-image-820\" srcset=\"https:\/\/www.domainedessalins.com\/wp-content\/uploads\/2026\/02\/la-rosalie-saint-jean-de-monts.webp 1920w, https:\/\/www.domainedessalins.com\/wp-content\/uploads\/2026\/02\/la-rosalie-saint-jean-de-monts-300x200.webp 300w, https:\/\/www.domainedessalins.com\/wp-content\/uploads\/2026\/02\/la-rosalie-saint-jean-de-monts-1024x681.webp 1024w, https:\/\/www.domainedessalins.com\/wp-content\/uploads\/2026\/02\/la-rosalie-saint-jean-de-monts-768x511.webp 768w, https:\/\/www.domainedessalins.com\/wp-content\/uploads\/2026\/02\/la-rosalie-saint-jean-de-monts-720x480.webp 720w, https:\/\/www.domainedessalins.com\/wp-content\/uploads\/2026\/02\/la-rosalie-saint-jean-de-monts-480x320.webp 480w, https:\/\/www.domainedessalins.com\/wp-content\/uploads\/2026\/02\/la-rosalie-saint-jean-de-monts-240x160.webp 240w, https:\/\/www.domainedessalins.com\/wp-content\/uploads\/2026\/02\/la-rosalie-saint-jean-de-monts-120x80.webp 120w\" sizes=\"(max-width: 1920px) 100vw, 1920px\" \/><button\n\t\t\tclass=\"lightbox-trigger\"\n\t\t\ttype=\"button\"\n\t\t\taria-haspopup=\"dialog\"\n\t\t\taria-label=\"Enlarge\"\n\t\t\tdata-wp-init=\"callbacks.initTriggerButton\"\n\t\t\tdata-wp-on--click=\"actions.showLightbox\"\n\t\t\tdata-wp-style--right=\"state.imageButtonRight\"\n\t\t\tdata-wp-style--top=\"state.imageButtonTop\"\n\t\t>\n\t\t\t<svg xmlns=\"http:\/\/www.w3.org\/2000\/svg\" width=\"12\" height=\"12\" fill=\"none\" viewBox=\"0 0 12 12\">\n\t\t\t\t<path fill=\"#fff\" d=\"M2 0a2 2 0 0 0-2 2v2h1.5V2a.5.5 0 0 1 .5-.5h2V0H2Zm2 10.5H2a.5.5 0 0 1-.5-.5V8H0v2a2 2 0 0 0 2 2h2v-1.5ZM8 12v-1.5h2a.5.5 0 0 0 .5-.5V8H12v2a2 2 0 0 1-2 2H8Zm2-12a2 2 0 0 1 2 2v2h-1.5V2a.5.5 0 0 0-.5-.5H8V0h2Z\" \/>\n\t\t\t<\/svg>\n\t\t<\/button><\/figure>\n\n\n\n<figure data-wp-context=\"{&quot;imageId&quot;:&quot;69e18c2197303&quot;}\" data-wp-interactive=\"core\/image\" data-wp-key=\"69e18c2197303\" class=\"wp-block-image size-full wp-lightbox-container\"><img alt=\"Route submersible traversant la mer \u00e0 mar\u00e9e basse.\" decoding=\"async\" width=\"1920\" height=\"1277\" data-wp-class--hide=\"state.isContentHidden\" data-wp-class--show=\"state.isContentVisible\" data-wp-init=\"callbacks.setButtonStyles\" data-wp-on--click=\"actions.showLightbox\" data-wp-on--load=\"callbacks.setButtonStyles\" data-wp-on-window--resize=\"callbacks.setButtonStyles\" src=\"https:\/\/www.domainedessalins.com\/wp-content\/uploads\/2026\/02\/passage-du-gois-noirmoutier-1.webp\" alt=\"\" class=\"wp-image-824\" srcset=\"https:\/\/www.domainedessalins.com\/wp-content\/uploads\/2026\/02\/passage-du-gois-noirmoutier-1.webp 1920w, https:\/\/www.domainedessalins.com\/wp-content\/uploads\/2026\/02\/passage-du-gois-noirmoutier-1-300x200.webp 300w, https:\/\/www.domainedessalins.com\/wp-content\/uploads\/2026\/02\/passage-du-gois-noirmoutier-1-1024x681.webp 1024w, https:\/\/www.domainedessalins.com\/wp-content\/uploads\/2026\/02\/passage-du-gois-noirmoutier-1-768x511.webp 768w, https:\/\/www.domainedessalins.com\/wp-content\/uploads\/2026\/02\/passage-du-gois-noirmoutier-1-720x480.webp 720w, https:\/\/www.domainedessalins.com\/wp-content\/uploads\/2026\/02\/passage-du-gois-noirmoutier-1-480x320.webp 480w, https:\/\/www.domainedessalins.com\/wp-content\/uploads\/2026\/02\/passage-du-gois-noirmoutier-1-240x160.webp 240w, https:\/\/www.domainedessalins.com\/wp-content\/uploads\/2026\/02\/passage-du-gois-noirmoutier-1-120x80.webp 120w\" sizes=\"(max-width: 1920px) 100vw, 1920px\" \/><button\n\t\t\tclass=\"lightbox-trigger\"\n\t\t\ttype=\"button\"\n\t\t\taria-haspopup=\"dialog\"\n\t\t\taria-label=\"Enlarge\"\n\t\t\tdata-wp-init=\"callbacks.initTriggerButton\"\n\t\t\tdata-wp-on--click=\"actions.showLightbox\"\n\t\t\tdata-wp-style--right=\"state.imageButtonRight\"\n\t\t\tdata-wp-style--top=\"state.imageButtonTop\"\n\t\t>\n\t\t\t<svg xmlns=\"http:\/\/www.w3.org\/2000\/svg\" width=\"12\" height=\"12\" fill=\"none\" viewBox=\"0 0 12 12\">\n\t\t\t\t<path fill=\"#fff\" d=\"M2 0a2 2 0 0 0-2 2v2h1.5V2a.5.5 0 0 1 .5-.5h2V0H2Zm2 10.5H2a.5.5 0 0 1-.5-.5V8H0v2a2 2 0 0 0 2 2h2v-1.5ZM8 12v-1.5h2a.5.5 0 0 0 .5-.5V8H12v2a2 2 0 0 1-2 2H8Zm2-12a2 2 0 0 1 2 2v2h-1.5V2a.5.5 0 0 0-.5-.5H8V0h2Z\" \/>\n\t\t\t<\/svg>\n\t\t<\/button><\/figure>\n\n\n\n<figure data-wp-context=\"{&quot;imageId&quot;:&quot;69e18c2197f21&quot;}\" data-wp-interactive=\"core\/image\" data-wp-key=\"69e18c2197f21\" class=\"wp-block-image size-full wp-container-content-f5b586fb wp-lightbox-container\"><img alt=\"Marais salants sous ciel bleu \u00e0 Gu\u00e9rande.\" decoding=\"async\" width=\"1920\" height=\"1281\" data-wp-class--hide=\"state.isContentHidden\" data-wp-class--show=\"state.isContentVisible\" data-wp-init=\"callbacks.setButtonStyles\" data-wp-on--click=\"actions.showLightbox\" data-wp-on--load=\"callbacks.setButtonStyles\" data-wp-on-window--resize=\"callbacks.setButtonStyles\" src=\"https:\/\/www.domainedessalins.com\/wp-content\/uploads\/2026\/02\/les-marais-salants-noirmoutier-w.webp\" alt=\"\" class=\"wp-image-821\" srcset=\"https:\/\/www.domainedessalins.com\/wp-content\/uploads\/2026\/02\/les-marais-salants-noirmoutier-w.webp 1920w, https:\/\/www.domainedessalins.com\/wp-content\/uploads\/2026\/02\/les-marais-salants-noirmoutier-w-300x200.webp 300w, https:\/\/www.domainedessalins.com\/wp-content\/uploads\/2026\/02\/les-marais-salants-noirmoutier-w-1024x683.webp 1024w, https:\/\/www.domainedessalins.com\/wp-content\/uploads\/2026\/02\/les-marais-salants-noirmoutier-w-768x512.webp 768w, https:\/\/www.domainedessalins.com\/wp-content\/uploads\/2026\/02\/les-marais-salants-noirmoutier-w-1440x960.webp 1440w, https:\/\/www.domainedessalins.com\/wp-content\/uploads\/2026\/02\/les-marais-salants-noirmoutier-w-1080x720.webp 1080w, https:\/\/www.domainedessalins.com\/wp-content\/uploads\/2026\/02\/les-marais-salants-noirmoutier-w-720x480.webp 720w, https:\/\/www.domainedessalins.com\/wp-content\/uploads\/2026\/02\/les-marais-salants-noirmoutier-w-480x320.webp 480w, https:\/\/www.domainedessalins.com\/wp-content\/uploads\/2026\/02\/les-marais-salants-noirmoutier-w-240x160.webp 240w, https:\/\/www.domainedessalins.com\/wp-content\/uploads\/2026\/02\/les-marais-salants-noirmoutier-w-120x80.webp 120w\" sizes=\"(max-width: 1920px) 100vw, 1920px\" \/><button\n\t\t\tclass=\"lightbox-trigger\"\n\t\t\ttype=\"button\"\n\t\t\taria-haspopup=\"dialog\"\n\t\t\taria-label=\"Enlarge\"\n\t\t\tdata-wp-init=\"callbacks.initTriggerButton\"\n\t\t\tdata-wp-on--click=\"actions.showLightbox\"\n\t\t\tdata-wp-style--right=\"state.imageButtonRight\"\n\t\t\tdata-wp-style--top=\"state.imageButtonTop\"\n\t\t>\n\t\t\t<svg xmlns=\"http:\/\/www.w3.org\/2000\/svg\" width=\"12\" height=\"12\" fill=\"none\" viewBox=\"0 0 12 12\">\n\t\t\t\t<path fill=\"#fff\" d=\"M2 0a2 2 0 0 0-2 2v2h1.5V2a.5.5 0 0 1 .5-.5h2V0H2Zm2 10.5H2a.5.5 0 0 1-.5-.5V8H0v2a2 2 0 0 0 2 2h2v-1.5ZM8 12v-1.5h2a.5.5 0 0 0 .5-.5V8H12v2a2 2 0 0 1-2 2H8Zm2-12a2 2 0 0 1 2 2v2h-1.5V2a.5.5 0 0 0-.5-.5H8V0h2Z\" \/>\n\t\t\t<\/svg>\n\t\t<\/button><\/figure>\n<\/div>\n<\/div>\n<\/div>\n","protected":false},"excerpt":{"rendered":"<p>Atlantische slee Waterpark op 500 m van de camping, met sensationele glijbanen!Er is van alles voor het hele gezin: waterglijbanen, een nieuw aqualudisch gedeelte, een wildwaterrivier, een meer met waterfietsen, een golfslagbad, enz. Binnenkort &#8230; tarieven 2026 Grand Parc du Puy du Fou Breng een dag door met een onvergetelijke ervaring!Maak een reis door de [&hellip;]<\/p>\n","protected":false},"featured_media":0,"parent":0,"menu_order":11,"comment_status":"closed","ping_status":"closed","template":"page-no-title","meta":{"_acf_changed":false,"_seopress_robots_primary_cat":"","_seopress_titles_title":"Camping Saint Hilaire de Riez kassa - \u1403 DOMAINE DES SALINS **** - Vend\u00e9e","_seopress_titles_desc":"Camping Saint Hilaire de Riez met kassa, in de Vend\u00e9e, CAMPING DOMAINE DES SALINS **** in St-Hilaire-de-Riez, biedt een zwemparadijs met verwarmd overdekt zwembad en waterglijbanen, verhuur van stacaravans en kampeerplaatsen voor uw...","_seopress_robots_index":"","footnotes":""},"class_list":["post-1355","page","type-page","status-publish","format-standard","hentry"],"acf":[],"_links":{"self":[{"href":"https:\/\/www.domainedessalins.com\/nl\/wp-json\/wp\/v2\/pages\/1355","targetHints":{"allow":["GET"]}}],"collection":[{"href":"https:\/\/www.domainedessalins.com\/nl\/wp-json\/wp\/v2\/pages"}],"about":[{"href":"https:\/\/www.domainedessalins.com\/nl\/wp-json\/wp\/v2\/types\/page"}],"author":[{"embeddable":true,"href":"https:\/\/www.domainedessalins.com\/nl\/wp-json\/wp\/v2\/users\/1"}],"replies":[{"embeddable":true,"href":"https:\/\/www.domainedessalins.com\/nl\/wp-json\/wp\/v2\/comments?post=1355"}],"version-history":[{"count":1,"href":"https:\/\/www.domainedessalins.com\/nl\/wp-json\/wp\/v2\/pages\/1355\/revisions"}],"predecessor-version":[{"id":1356,"href":"https:\/\/www.domainedessalins.com\/nl\/wp-json\/wp\/v2\/pages\/1355\/revisions\/1356"}],"wp:attachment":[{"href":"https:\/\/www.domainedessalins.com\/nl\/wp-json\/wp\/v2\/media?parent=1355"}],"curies":[{"name":"wp","href":"https:\/\/api.w.org\/{rel}","templated":true}]}}