{"id":1359,"date":"2026-02-06T12:35:42","date_gmt":"2026-02-06T11:35:42","guid":{"rendered":"https:\/\/www.domainedessalins.com\/verken-de-vendee\/"},"modified":"2026-03-24T17:22:10","modified_gmt":"2026-03-24T16:22:10","slug":"verken-de-vendee","status":"publish","type":"page","link":"https:\/\/www.domainedessalins.com\/nl\/verken-de-vendee\/","title":{"rendered":"Verken de Vend\u00e9e"},"content":{"rendered":"\n<div class=\"wp-block-cover alignfull hrz-hero is-style-default is-zoomed\" style=\"margin-top:0;margin-bottom:0;padding-top:15rem;padding-bottom:15rem;min-height:90vh;aspect-ratio:unset;\"><img alt=\"Plage c\u00f4ti\u00e8re avec dunes et herbe au soleil couchant.\" decoding=\"async\" width=\"1440\" height=\"660\" class=\"wp-block-cover__image-background wp-image-1060 size-16\/9_1440x810_desktop\" alt=\"\" src=\"https:\/\/www.domainedessalins.com\/wp-content\/uploads\/2026\/02\/vendee-1440x660.webp\" data-object-fit=\"cover\"\/><span aria-hidden=\"true\" class=\"wp-block-cover__background has-texte-background-color has-background-dim-30 has-background-dim\"><\/span><div class=\"wp-block-cover__inner-container has-global-padding is-layout-constrained wp-container-core-cover-is-layout-e8d6252e wp-block-cover-is-layout-constrained\">\n<h1 class=\"wp-block-heading has-text-align-center is-style-hrz-p--title has-blanc-color has-text-color has-link-color has-xl-font-size wp-elements-025aa12aea33f838e017a7bbf9f26bd6\">Verken de Vend\u00e9e<\/h1>\n<\/div><\/div>\n\n<div class=\"wp-block-group alignfull has-quaternary-background-color has-background has-global-padding is-layout-constrained wp-container-core-group-is-layout-f3e47dc3 wp-block-group-is-layout-constrained\" style=\"padding-top:var(--wp--preset--spacing--xs);padding-right:var(--wp--preset--spacing--xs);padding-bottom:var(--wp--preset--spacing--xs);padding-left:var(--wp--preset--spacing--xs)\"><div class=\"wp-block-wpseopress-breadcrumbs\"><nav  aria-label=\"breadcrumb\"><ol class=\"breadcrumb\" itemscope itemtype=\"https:\/\/schema.org\/BreadcrumbList\"><li class=\"breadcrumb-item active\" aria-current=\"page\" itemprop=\"itemListElement\" itemscope itemtype=\"https:\/\/schema.org\/ListItem\"><span itemprop=\"name\">Camping \u00e0 Saint-Hilaire-de-Riez<\/span><meta itemprop=\"position\" content=\"1\"><\/li><\/ol><\/nav><\/div><\/div>\n\n<div class=\"wp-block-group alignfull has-quaternary-background-color has-background has-global-padding is-layout-constrained wp-container-core-group-is-layout-1243b159 wp-block-group-is-layout-constrained\" style=\"padding-top:var(--wp--preset--spacing--xxl);padding-bottom:var(--wp--preset--spacing--xxl)\">\n<div class=\"wp-block-group hrz-responsive-group fade has-global-padding is-layout-constrained wp-container-core-group-is-layout-ed92f1a2 wp-block-group-is-layout-constrained\">\n<figure class=\"wp-block-image aligncenter size-full is-resized wp-duotone-bg-or\" style=\"margin-bottom:var(--wp--preset--spacing--s)\"><img alt=\"\" decoding=\"async\" src=\"https:\/\/www.domainedessalins.com\/wp-content\/uploads\/2026\/02\/coeurvendeen.svg\" alt=\"\" class=\"wp-image-254\" style=\"width:auto;height:70px\"\/><\/figure>\n\n\n\n<h2 class=\"wp-block-heading has-text-align-center is-style-hrz-title--sub has-ternary-color has-text-color has-link-color wp-elements-bd04c3bf42f67b0757076567ff3807f0\">Camping Vend\u00e9e<\/h2>\n\n\n\n<p class=\"has-text-align-center is-style-hrz-p--title has-primary-color has-text-color has-link-color wp-elements-5b71fc3b7990512ac809c83fc1b8cb2c\">4-sterren camping in de Vend\u00e9e aan zee<\/p>\n\n\n\n<p class=\"has-text-align-center is-style-hrz-p--base\" style=\"margin-top:var(--wp--preset--spacing--l);margin-bottom:var(--wp--preset--spacing--l)\">Op Domaine des Salins, onze 4-sterren camping in de Vend\u00e9e dicht bij zee, geven we je alle goede redenen om dit mooie toeristische departement te kiezen voor je volgende vakantie. Allereerst is de Vend\u00e9e een slimme mix van kust en bocage: aan de kust kun je gegarandeerd zwemmen! Farniente bij Les Sables d&#8217;Olonne, het corniche natuurreservaat bij Saint Hilaire de Riez, lange wandelingen op de stranden van Saint Gilles Croix de Vie en Saint Jean de Monts, het ontdekken van de duinen en de moerassen van de Vend\u00e9e bij Noirmoutier: het is echt een verademing!  <\/p>\n\n\n\n<h3 class=\"wp-block-heading has-text-align-center is-style-hrz-title--sub has-ternary-color has-text-color has-link-color wp-elements-18361b9034a754262050e744c5993107\">De charme van de Vend\u00e9e<\/h3>\n\n\n\n<p class=\"has-text-align-center is-style-hrz-p--base\" style=\"margin-top:var(--wp--preset--spacing--l);margin-bottom:var(--wp--preset--spacing--l)\">Ontdek de bocage van de Vend\u00e9e, een golvend landschap bezaaid met monumenten, de een nog landelijker en levendiger dan de ander! Om er maar een paar te noemen: het kasteel van Tiffauges, de logis de la Chabotterie in Saint Sulpice Le Verdon, het kasteel van Commequiers, de Haras de la Vend\u00e9e in La Roche sur Yon, en nog veel meer! Er is genoeg te bewonderen tijdens uw kampeervakantie in de Vend\u00e9e.  <\/p>\n\n\n\n<div style=\"height:var(--wp--preset--spacing--xl)\" aria-hidden=\"true\" class=\"wp-block-spacer\"><\/div>\n<\/div>\n\n\n\n<div class=\"wp-block-group alignwide fade has-global-padding is-layout-constrained wp-container-core-group-is-layout-530ec779 wp-block-group-is-layout-constrained\">\n<div class=\"wp-block-group hrz-diapo-grid is-layout-grid wp-container-core-group-is-layout-051102f6 wp-block-group-is-layout-grid\" style=\"border-top-left-radius:50px;border-top-right-radius:50px;border-bottom-left-radius:50px;border-bottom-right-radius:50px\">\n<figure data-wp-context=\"{&quot;imageId&quot;:&quot;69e1771630d97&quot;}\" data-wp-interactive=\"core\/image\" data-wp-key=\"69e1771630d97\" class=\"wp-block-image size-full wp-container-content-2ca7f016 wp-lightbox-container\"><img alt=\"Plage c\u00f4ti\u00e8re avec dunes et herbe au soleil couchant.\" decoding=\"async\" width=\"1920\" height=\"660\" data-wp-class--hide=\"state.isContentHidden\" data-wp-class--show=\"state.isContentVisible\" data-wp-init=\"callbacks.setButtonStyles\" data-wp-on--click=\"actions.showLightbox\" data-wp-on--load=\"callbacks.setButtonStyles\" data-wp-on-window--resize=\"callbacks.setButtonStyles\" src=\"https:\/\/www.domainedessalins.com\/wp-content\/uploads\/2026\/02\/vendee.webp\" alt=\"\" class=\"wp-image-1060\" srcset=\"https:\/\/www.domainedessalins.com\/wp-content\/uploads\/2026\/02\/vendee.webp 1920w, https:\/\/www.domainedessalins.com\/wp-content\/uploads\/2026\/02\/vendee-300x103.webp 300w, https:\/\/www.domainedessalins.com\/wp-content\/uploads\/2026\/02\/vendee-1024x352.webp 1024w, https:\/\/www.domainedessalins.com\/wp-content\/uploads\/2026\/02\/vendee-768x264.webp 768w\" sizes=\"(max-width: 1920px) 100vw, 1920px\" \/><button\n\t\t\tclass=\"lightbox-trigger\"\n\t\t\ttype=\"button\"\n\t\t\taria-haspopup=\"dialog\"\n\t\t\taria-label=\"Enlarge\"\n\t\t\tdata-wp-init=\"callbacks.initTriggerButton\"\n\t\t\tdata-wp-on--click=\"actions.showLightbox\"\n\t\t\tdata-wp-style--right=\"state.imageButtonRight\"\n\t\t\tdata-wp-style--top=\"state.imageButtonTop\"\n\t\t>\n\t\t\t<svg xmlns=\"http:\/\/www.w3.org\/2000\/svg\" width=\"12\" height=\"12\" fill=\"none\" viewBox=\"0 0 12 12\">\n\t\t\t\t<path fill=\"#fff\" d=\"M2 0a2 2 0 0 0-2 2v2h1.5V2a.5.5 0 0 1 .5-.5h2V0H2Zm2 10.5H2a.5.5 0 0 1-.5-.5V8H0v2a2 2 0 0 0 2 2h2v-1.5ZM8 12v-1.5h2a.5.5 0 0 0 .5-.5V8H12v2a2 2 0 0 1-2 2H8Zm2-12a2 2 0 0 1 2 2v2h-1.5V2a.5.5 0 0 0-.5-.5H8V0h2Z\" \/>\n\t\t\t<\/svg>\n\t\t<\/button><\/figure>\n\n\n\n<figure data-wp-context=\"{&quot;imageId&quot;:&quot;69e17716319f5&quot;}\" data-wp-interactive=\"core\/image\" data-wp-key=\"69e17716319f5\" class=\"wp-block-image size-full wp-lightbox-container\"><img alt=\"Petit train touristique jaune et bleu sur route.\" decoding=\"async\" width=\"1920\" height=\"1440\" data-wp-class--hide=\"state.isContentHidden\" data-wp-class--show=\"state.isContentVisible\" data-wp-init=\"callbacks.setButtonStyles\" data-wp-on--click=\"actions.showLightbox\" data-wp-on--load=\"callbacks.setButtonStyles\" data-wp-on-window--resize=\"callbacks.setButtonStyles\" src=\"https:\/\/www.domainedessalins.com\/wp-content\/uploads\/2026\/02\/petit-train-saint-hilaire-de-riez.webp\" alt=\"\" class=\"wp-image-825\" srcset=\"https:\/\/www.domainedessalins.com\/wp-content\/uploads\/2026\/02\/petit-train-saint-hilaire-de-riez.webp 1920w, https:\/\/www.domainedessalins.com\/wp-content\/uploads\/2026\/02\/petit-train-saint-hilaire-de-riez-300x225.webp 300w, https:\/\/www.domainedessalins.com\/wp-content\/uploads\/2026\/02\/petit-train-saint-hilaire-de-riez-1024x768.webp 1024w, https:\/\/www.domainedessalins.com\/wp-content\/uploads\/2026\/02\/petit-train-saint-hilaire-de-riez-768x576.webp 768w, https:\/\/www.domainedessalins.com\/wp-content\/uploads\/2026\/02\/petit-train-saint-hilaire-de-riez-1440x1080.webp 1440w, https:\/\/www.domainedessalins.com\/wp-content\/uploads\/2026\/02\/petit-train-saint-hilaire-de-riez-720x540.webp 720w, https:\/\/www.domainedessalins.com\/wp-content\/uploads\/2026\/02\/petit-train-saint-hilaire-de-riez-320x240.webp 320w, https:\/\/www.domainedessalins.com\/wp-content\/uploads\/2026\/02\/petit-train-saint-hilaire-de-riez-160x120.webp 160w\" sizes=\"(max-width: 1920px) 100vw, 1920px\" \/><button\n\t\t\tclass=\"lightbox-trigger\"\n\t\t\ttype=\"button\"\n\t\t\taria-haspopup=\"dialog\"\n\t\t\taria-label=\"Enlarge\"\n\t\t\tdata-wp-init=\"callbacks.initTriggerButton\"\n\t\t\tdata-wp-on--click=\"actions.showLightbox\"\n\t\t\tdata-wp-style--right=\"state.imageButtonRight\"\n\t\t\tdata-wp-style--top=\"state.imageButtonTop\"\n\t\t>\n\t\t\t<svg xmlns=\"http:\/\/www.w3.org\/2000\/svg\" width=\"12\" height=\"12\" fill=\"none\" viewBox=\"0 0 12 12\">\n\t\t\t\t<path fill=\"#fff\" d=\"M2 0a2 2 0 0 0-2 2v2h1.5V2a.5.5 0 0 1 .5-.5h2V0H2Zm2 10.5H2a.5.5 0 0 1-.5-.5V8H0v2a2 2 0 0 0 2 2h2v-1.5ZM8 12v-1.5h2a.5.5 0 0 0 .5-.5V8H12v2a2 2 0 0 1-2 2H8Zm2-12a2 2 0 0 1 2 2v2h-1.5V2a.5.5 0 0 0-.5-.5H8V0h2Z\" \/>\n\t\t\t<\/svg>\n\t\t<\/button><\/figure>\n\n\n\n<figure data-wp-context=\"{&quot;imageId&quot;:&quot;69e177163278e&quot;}\" data-wp-interactive=\"core\/image\" data-wp-key=\"69e177163278e\" class=\"wp-block-image size-full wp-lightbox-container\"><img alt=\"Homme naviguant sur une barque en rivi\u00e8re verdoyante.\" decoding=\"async\" width=\"1920\" height=\"1440\" data-wp-class--hide=\"state.isContentHidden\" data-wp-class--show=\"state.isContentVisible\" data-wp-init=\"callbacks.setButtonStyles\" data-wp-on--click=\"actions.showLightbox\" data-wp-on--load=\"callbacks.setButtonStyles\" data-wp-on-window--resize=\"callbacks.setButtonStyles\" src=\"https:\/\/www.domainedessalins.com\/wp-content\/uploads\/2026\/02\/balade-en-yole-perrier.webp\" alt=\"\" class=\"wp-image-816\" srcset=\"https:\/\/www.domainedessalins.com\/wp-content\/uploads\/2026\/02\/balade-en-yole-perrier.webp 1920w, https:\/\/www.domainedessalins.com\/wp-content\/uploads\/2026\/02\/balade-en-yole-perrier-300x225.webp 300w, https:\/\/www.domainedessalins.com\/wp-content\/uploads\/2026\/02\/balade-en-yole-perrier-1024x768.webp 1024w, https:\/\/www.domainedessalins.com\/wp-content\/uploads\/2026\/02\/balade-en-yole-perrier-768x576.webp 768w, https:\/\/www.domainedessalins.com\/wp-content\/uploads\/2026\/02\/balade-en-yole-perrier-1440x1080.webp 1440w, https:\/\/www.domainedessalins.com\/wp-content\/uploads\/2026\/02\/balade-en-yole-perrier-720x540.webp 720w, https:\/\/www.domainedessalins.com\/wp-content\/uploads\/2026\/02\/balade-en-yole-perrier-320x240.webp 320w, https:\/\/www.domainedessalins.com\/wp-content\/uploads\/2026\/02\/balade-en-yole-perrier-160x120.webp 160w\" sizes=\"(max-width: 1920px) 100vw, 1920px\" \/><button\n\t\t\tclass=\"lightbox-trigger\"\n\t\t\ttype=\"button\"\n\t\t\taria-haspopup=\"dialog\"\n\t\t\taria-label=\"Enlarge\"\n\t\t\tdata-wp-init=\"callbacks.initTriggerButton\"\n\t\t\tdata-wp-on--click=\"actions.showLightbox\"\n\t\t\tdata-wp-style--right=\"state.imageButtonRight\"\n\t\t\tdata-wp-style--top=\"state.imageButtonTop\"\n\t\t>\n\t\t\t<svg xmlns=\"http:\/\/www.w3.org\/2000\/svg\" width=\"12\" height=\"12\" fill=\"none\" viewBox=\"0 0 12 12\">\n\t\t\t\t<path fill=\"#fff\" d=\"M2 0a2 2 0 0 0-2 2v2h1.5V2a.5.5 0 0 1 .5-.5h2V0H2Zm2 10.5H2a.5.5 0 0 1-.5-.5V8H0v2a2 2 0 0 0 2 2h2v-1.5ZM8 12v-1.5h2a.5.5 0 0 0 .5-.5V8H12v2a2 2 0 0 1-2 2H8Zm2-12a2 2 0 0 1 2 2v2h-1.5V2a.5.5 0 0 0-.5-.5H8V0h2Z\" \/>\n\t\t\t<\/svg>\n\t\t<\/button><\/figure>\n\n\n\n<figure data-wp-context=\"{&quot;imageId&quot;:&quot;69e1771632f54&quot;}\" data-wp-interactive=\"core\/image\" data-wp-key=\"69e1771632f54\" class=\"wp-block-image size-full wp-lightbox-container\"><img alt=\"Chars \u00e0 voile sur une plage venteuse\" decoding=\"async\" width=\"1920\" height=\"660\" data-wp-class--hide=\"state.isContentHidden\" data-wp-class--show=\"state.isContentVisible\" data-wp-init=\"callbacks.setButtonStyles\" data-wp-on--click=\"actions.showLightbox\" data-wp-on--load=\"callbacks.setButtonStyles\" data-wp-on-window--resize=\"callbacks.setButtonStyles\" src=\"https:\/\/www.domainedessalins.com\/wp-content\/uploads\/2026\/02\/a-voir-a-faire.webp\" alt=\"\" class=\"wp-image-815\" srcset=\"https:\/\/www.domainedessalins.com\/wp-content\/uploads\/2026\/02\/a-voir-a-faire.webp 1920w, https:\/\/www.domainedessalins.com\/wp-content\/uploads\/2026\/02\/a-voir-a-faire-300x103.webp 300w, https:\/\/www.domainedessalins.com\/wp-content\/uploads\/2026\/02\/a-voir-a-faire-1024x352.webp 1024w, https:\/\/www.domainedessalins.com\/wp-content\/uploads\/2026\/02\/a-voir-a-faire-768x264.webp 768w\" sizes=\"(max-width: 1920px) 100vw, 1920px\" \/><button\n\t\t\tclass=\"lightbox-trigger\"\n\t\t\ttype=\"button\"\n\t\t\taria-haspopup=\"dialog\"\n\t\t\taria-label=\"Enlarge\"\n\t\t\tdata-wp-init=\"callbacks.initTriggerButton\"\n\t\t\tdata-wp-on--click=\"actions.showLightbox\"\n\t\t\tdata-wp-style--right=\"state.imageButtonRight\"\n\t\t\tdata-wp-style--top=\"state.imageButtonTop\"\n\t\t>\n\t\t\t<svg xmlns=\"http:\/\/www.w3.org\/2000\/svg\" width=\"12\" height=\"12\" fill=\"none\" viewBox=\"0 0 12 12\">\n\t\t\t\t<path fill=\"#fff\" d=\"M2 0a2 2 0 0 0-2 2v2h1.5V2a.5.5 0 0 1 .5-.5h2V0H2Zm2 10.5H2a.5.5 0 0 1-.5-.5V8H0v2a2 2 0 0 0 2 2h2v-1.5ZM8 12v-1.5h2a.5.5 0 0 0 .5-.5V8H12v2a2 2 0 0 1-2 2H8Zm2-12a2 2 0 0 1 2 2v2h-1.5V2a.5.5 0 0 0-.5-.5H8V0h2Z\" \/>\n\t\t\t<\/svg>\n\t\t<\/button><\/figure>\n\n\n\n<figure data-wp-context=\"{&quot;imageId&quot;:&quot;69e1771633a92&quot;}\" data-wp-interactive=\"core\/image\" data-wp-key=\"69e1771633a92\" class=\"wp-block-image size-full wp-lightbox-container\"><img alt=\"Route submersible traversant la mer \u00e0 mar\u00e9e basse.\" decoding=\"async\" width=\"1920\" height=\"1277\" data-wp-class--hide=\"state.isContentHidden\" data-wp-class--show=\"state.isContentVisible\" data-wp-init=\"callbacks.setButtonStyles\" data-wp-on--click=\"actions.showLightbox\" data-wp-on--load=\"callbacks.setButtonStyles\" data-wp-on-window--resize=\"callbacks.setButtonStyles\" src=\"https:\/\/www.domainedessalins.com\/wp-content\/uploads\/2026\/02\/passage-du-gois-noirmoutier-1.webp\" alt=\"\" class=\"wp-image-824\" srcset=\"https:\/\/www.domainedessalins.com\/wp-content\/uploads\/2026\/02\/passage-du-gois-noirmoutier-1.webp 1920w, https:\/\/www.domainedessalins.com\/wp-content\/uploads\/2026\/02\/passage-du-gois-noirmoutier-1-300x200.webp 300w, https:\/\/www.domainedessalins.com\/wp-content\/uploads\/2026\/02\/passage-du-gois-noirmoutier-1-1024x681.webp 1024w, https:\/\/www.domainedessalins.com\/wp-content\/uploads\/2026\/02\/passage-du-gois-noirmoutier-1-768x511.webp 768w, https:\/\/www.domainedessalins.com\/wp-content\/uploads\/2026\/02\/passage-du-gois-noirmoutier-1-720x480.webp 720w, https:\/\/www.domainedessalins.com\/wp-content\/uploads\/2026\/02\/passage-du-gois-noirmoutier-1-480x320.webp 480w, https:\/\/www.domainedessalins.com\/wp-content\/uploads\/2026\/02\/passage-du-gois-noirmoutier-1-240x160.webp 240w, https:\/\/www.domainedessalins.com\/wp-content\/uploads\/2026\/02\/passage-du-gois-noirmoutier-1-120x80.webp 120w\" sizes=\"(max-width: 1920px) 100vw, 1920px\" \/><button\n\t\t\tclass=\"lightbox-trigger\"\n\t\t\ttype=\"button\"\n\t\t\taria-haspopup=\"dialog\"\n\t\t\taria-label=\"Enlarge\"\n\t\t\tdata-wp-init=\"callbacks.initTriggerButton\"\n\t\t\tdata-wp-on--click=\"actions.showLightbox\"\n\t\t\tdata-wp-style--right=\"state.imageButtonRight\"\n\t\t\tdata-wp-style--top=\"state.imageButtonTop\"\n\t\t>\n\t\t\t<svg xmlns=\"http:\/\/www.w3.org\/2000\/svg\" width=\"12\" height=\"12\" fill=\"none\" viewBox=\"0 0 12 12\">\n\t\t\t\t<path fill=\"#fff\" d=\"M2 0a2 2 0 0 0-2 2v2h1.5V2a.5.5 0 0 1 .5-.5h2V0H2Zm2 10.5H2a.5.5 0 0 1-.5-.5V8H0v2a2 2 0 0 0 2 2h2v-1.5ZM8 12v-1.5h2a.5.5 0 0 0 .5-.5V8H12v2a2 2 0 0 1-2 2H8Zm2-12a2 2 0 0 1 2 2v2h-1.5V2a.5.5 0 0 0-.5-.5H8V0h2Z\" \/>\n\t\t\t<\/svg>\n\t\t<\/button><\/figure>\n\n\n\n<figure data-wp-context=\"{&quot;imageId&quot;:&quot;69e1771634a0e&quot;}\" data-wp-interactive=\"core\/image\" data-wp-key=\"69e1771634a0e\" class=\"wp-block-image size-full wp-container-content-f5b586fb wp-lightbox-container\"><img alt=\"Tour m\u00e9di\u00e9vale en bois pr\u00e8s d&#039;un lac.\" decoding=\"async\" width=\"1920\" height=\"1280\" data-wp-class--hide=\"state.isContentHidden\" data-wp-class--show=\"state.isContentVisible\" data-wp-init=\"callbacks.setButtonStyles\" data-wp-on--click=\"actions.showLightbox\" data-wp-on--load=\"callbacks.setButtonStyles\" data-wp-on-window--resize=\"callbacks.setButtonStyles\" src=\"https:\/\/www.domainedessalins.com\/wp-content\/uploads\/2026\/02\/AdobeStock_1764975758.webp\" alt=\"\" class=\"wp-image-840\" srcset=\"https:\/\/www.domainedessalins.com\/wp-content\/uploads\/2026\/02\/AdobeStock_1764975758.webp 1920w, https:\/\/www.domainedessalins.com\/wp-content\/uploads\/2026\/02\/AdobeStock_1764975758-300x200.webp 300w, https:\/\/www.domainedessalins.com\/wp-content\/uploads\/2026\/02\/AdobeStock_1764975758-1024x683.webp 1024w, https:\/\/www.domainedessalins.com\/wp-content\/uploads\/2026\/02\/AdobeStock_1764975758-768x512.webp 768w, https:\/\/www.domainedessalins.com\/wp-content\/uploads\/2026\/02\/AdobeStock_1764975758-1440x960.webp 1440w, https:\/\/www.domainedessalins.com\/wp-content\/uploads\/2026\/02\/AdobeStock_1764975758-1080x720.webp 1080w, https:\/\/www.domainedessalins.com\/wp-content\/uploads\/2026\/02\/AdobeStock_1764975758-720x480.webp 720w, https:\/\/www.domainedessalins.com\/wp-content\/uploads\/2026\/02\/AdobeStock_1764975758-480x320.webp 480w, https:\/\/www.domainedessalins.com\/wp-content\/uploads\/2026\/02\/AdobeStock_1764975758-240x160.webp 240w, https:\/\/www.domainedessalins.com\/wp-content\/uploads\/2026\/02\/AdobeStock_1764975758-120x80.webp 120w\" sizes=\"(max-width: 1920px) 100vw, 1920px\" \/><button\n\t\t\tclass=\"lightbox-trigger\"\n\t\t\ttype=\"button\"\n\t\t\taria-haspopup=\"dialog\"\n\t\t\taria-label=\"Enlarge\"\n\t\t\tdata-wp-init=\"callbacks.initTriggerButton\"\n\t\t\tdata-wp-on--click=\"actions.showLightbox\"\n\t\t\tdata-wp-style--right=\"state.imageButtonRight\"\n\t\t\tdata-wp-style--top=\"state.imageButtonTop\"\n\t\t>\n\t\t\t<svg xmlns=\"http:\/\/www.w3.org\/2000\/svg\" width=\"12\" height=\"12\" fill=\"none\" viewBox=\"0 0 12 12\">\n\t\t\t\t<path fill=\"#fff\" d=\"M2 0a2 2 0 0 0-2 2v2h1.5V2a.5.5 0 0 1 .5-.5h2V0H2Zm2 10.5H2a.5.5 0 0 1-.5-.5V8H0v2a2 2 0 0 0 2 2h2v-1.5ZM8 12v-1.5h2a.5.5 0 0 0 .5-.5V8H12v2a2 2 0 0 1-2 2H8Zm2-12a2 2 0 0 1 2 2v2h-1.5V2a.5.5 0 0 0-.5-.5H8V0h2Z\" \/>\n\t\t\t<\/svg>\n\t\t<\/button><\/figure>\n<\/div>\n<\/div>\n<\/div>\n","protected":false},"excerpt":{"rendered":"<p>Camping Vend\u00e9e 4-sterren camping in de Vend\u00e9e aan zee Op Domaine des Salins, onze 4-sterren camping in de Vend\u00e9e dicht bij zee, geven we je alle goede redenen om dit mooie toeristische departement te kiezen voor je volgende vakantie. Allereerst is de Vend\u00e9e een slimme mix van kust en bocage: aan de kust kun je [&hellip;]<\/p>\n","protected":false},"featured_media":0,"parent":0,"menu_order":14,"comment_status":"closed","ping_status":"closed","template":"page-no-title","meta":{"_acf_changed":false,"_seopress_robots_primary_cat":"","_seopress_titles_title":"4-sterren camping met zwembad - \u1403 DOMAINE DES SALINS **** - Vend\u00e9e","_seopress_titles_desc":"Uw vakantie op een 4-sterren camping in de Vend\u00e9e, met het Domaine des Salins in St Hilaire de Riez op 800m van de zee, met zijn aquacentrum in de buurt van St Jean de Monts","_seopress_robots_index":"","footnotes":""},"class_list":["post-1359","page","type-page","status-publish","format-standard","hentry"],"acf":[],"_links":{"self":[{"href":"https:\/\/www.domainedessalins.com\/nl\/wp-json\/wp\/v2\/pages\/1359","targetHints":{"allow":["GET"]}}],"collection":[{"href":"https:\/\/www.domainedessalins.com\/nl\/wp-json\/wp\/v2\/pages"}],"about":[{"href":"https:\/\/www.domainedessalins.com\/nl\/wp-json\/wp\/v2\/types\/page"}],"author":[{"embeddable":true,"href":"https:\/\/www.domainedessalins.com\/nl\/wp-json\/wp\/v2\/users\/1"}],"replies":[{"embeddable":true,"href":"https:\/\/www.domainedessalins.com\/nl\/wp-json\/wp\/v2\/comments?post=1359"}],"version-history":[{"count":1,"href":"https:\/\/www.domainedessalins.com\/nl\/wp-json\/wp\/v2\/pages\/1359\/revisions"}],"predecessor-version":[{"id":1360,"href":"https:\/\/www.domainedessalins.com\/nl\/wp-json\/wp\/v2\/pages\/1359\/revisions\/1360"}],"wp:attachment":[{"href":"https:\/\/www.domainedessalins.com\/nl\/wp-json\/wp\/v2\/media?parent=1359"}],"curies":[{"name":"wp","href":"https:\/\/api.w.org\/{rel}","templated":true}]}}